{"id":9908,"date":"2024-01-18T17:49:43","date_gmt":"2024-01-18T17:49:43","guid":{"rendered":"https:\/\/supplybrain.ai\/?page_id=9908"},"modified":"2024-01-19T13:48:21","modified_gmt":"2024-01-19T13:48:21","slug":"aprendizados-de-2023-e-perspectivas-para-2024-na-area-de-procurement","status":"publish","type":"page","link":"https:\/\/supplybrain.ai\/es\/aprendizados-de-2023-e-perspectivas-para-2024-na-area-de-procurement\/","title":{"rendered":"Aprendizados de 2023 e Perspectivas para 2024 na \u00e1rea de Procurement"},"content":{"rendered":"<div id=\"fws_69f5713fd6b9b\"  data-column-margin=\"default\" data-midnight=\"dark\" data-top-percent=\"3%\" data-bottom-percent=\"3%\"  class=\"wpb_row vc_row-fluid vc_row full-width-section vc_row-o-equal-height vc_row-flex\"  style=\"padding-top: calc(100vw * 0.03); padding-bottom: calc(100vw * 0.03); \"><div class=\"row-bg-wrap\" data-bg-animation=\"none\" data-bg-animation-delay=\"\" data-bg-overlay=\"false\"><div class=\"inner-wrap row-bg-layer\" ><div class=\"row-bg viewport-desktop using-bg-color\"  style=\"background-color: #eaeff2; \"><\/div><\/div><\/div><div class=\"row_col_wrap_12 col span_12 dark left\">\n\t<div style=\"margin-top: 3%; margin-bottom: 3%; \" class=\"vc_col-sm-6 wpb_column column_container vc_column_container col no-extra-padding inherit_tablet inherit_phone\"  data-padding-pos=\"right\" data-has-bg-color=\"false\" data-bg-color=\"\" data-bg-opacity=\"1\" data-animation=\"\" data-delay=\"0\" >\n\t\t<div class=\"vc_column-inner\" >\n\t\t\t<div class=\"wpb_wrapper\">\n\t\t\t\t<div class=\"nectar-highlighted-text\" data-style=\"full_text\" data-exp=\"default\" data-using-custom-color=\"false\" data-animation-delay=\"false\" data-color=\"\" data-color-gradient=\"\" style=\"\">\n<h1>Aprendizados de 2023 e Perspectivas 2024 em  <span style=\"color: #7f51ff;\"><strong>Adquisiciones<\/span><\/strong><\/h1>\n<\/div>\n<div class=\"wpb_text_column wpb_content_element\" >\n\t<div class=\"wpb_wrapper\">\n\t\t<p>Fique <strong>\u00e0 frente<\/strong> das tend\u00eancias em Compras com nosso e-book exclusivo! Explore as li\u00e7\u00f5es fundamentais de 2023 e as <strong>estrat\u00e9gias essenciais para 2024.<\/strong><\/p>\n\t<\/div>\n<\/div>\n\n\n\n\n\t\t\t<\/div> \n\t\t<\/div>\n\t<\/div> \n\n\t<div  class=\"vc_col-sm-6 wpb_column column_container vc_column_container col no-extra-padding inherit_tablet inherit_phone\"  data-padding-pos=\"all\" data-has-bg-color=\"false\" data-bg-color=\"\" data-bg-opacity=\"1\" data-animation=\"\" data-delay=\"0\" >\n\t\t<div class=\"vc_column-inner\" >\n\t\t\t<div class=\"wpb_wrapper\">\n\t\t\t\t<div class=\"img-with-aniamtion-wrap center custom-size\" data-max-width=\"75%\" data-max-width-mobile=\"default\" data-border-radius=\"5px\" data-shadow=\"medium_depth\" data-animation=\"none\"  style=\"margin-left: 15%;\">\n      <div class=\"inner\">\n        <div class=\"hover-wrap\"> \n          <div class=\"hover-wrap-inner\">\n            <img loading=\"lazy\" decoding=\"async\" class=\"img-with-animation skip-lazy\" data-delay=\"0\" height=\"500\" width=\"500\" data-animation=\"none\" src=\"https:\/\/supplybrain.ai\/wp-content\/uploads\/2024\/01\/Image_landingpage_book_2-500x500.png\" alt=\"\" srcset=\"https:\/\/supplybrain.ai\/wp-content\/uploads\/2024\/01\/Image_landingpage_book_2-500x500.png 500w, https:\/\/supplybrain.ai\/wp-content\/uploads\/2024\/01\/Image_landingpage_book_2-300x300.png 300w, https:\/\/supplybrain.ai\/wp-content\/uploads\/2024\/01\/Image_landingpage_book_2-1024x1024.png 1024w, https:\/\/supplybrain.ai\/wp-content\/uploads\/2024\/01\/Image_landingpage_book_2-150x150.png 150w, https:\/\/supplybrain.ai\/wp-content\/uploads\/2024\/01\/Image_landingpage_book_2-768x768.png 768w, https:\/\/supplybrain.ai\/wp-content\/uploads\/2024\/01\/Image_landingpage_book_2-1536x1536.png 1536w, https:\/\/supplybrain.ai\/wp-content\/uploads\/2024\/01\/Image_landingpage_book_2-12x12.png 12w, https:\/\/supplybrain.ai\/wp-content\/uploads\/2024\/01\/Image_landingpage_book_2-100x100.png 100w, https:\/\/supplybrain.ai\/wp-content\/uploads\/2024\/01\/Image_landingpage_book_2-140x140.png 140w, https:\/\/supplybrain.ai\/wp-content\/uploads\/2024\/01\/Image_landingpage_book_2-350x350.png 350w, https:\/\/supplybrain.ai\/wp-content\/uploads\/2024\/01\/Image_landingpage_book_2-1000x1000.png 1000w, https:\/\/supplybrain.ai\/wp-content\/uploads\/2024\/01\/Image_landingpage_book_2-800x800.png 800w, https:\/\/supplybrain.ai\/wp-content\/uploads\/2024\/01\/Image_landingpage_book_2.png 2000w\" sizes=\"auto, (max-width: 500px) 100vw, 500px\" \/>\n          <\/div>\n        <\/div>\n      <\/div>\n    <\/div>\n\t\t\t<\/div> \n\t\t<\/div>\n\t<\/div> \n<\/div><\/div>\n\t\t<div id=\"fws_69f5713fd73dc\"  data-column-margin=\"default\" data-midnight=\"dark\" data-nectar-animated-gradient-settings=\"{&quot;color_1&quot;:&quot;#eaeff2&quot;,&quot;color_2&quot;:&quot;#7f51ff&quot;,&quot;speed&quot;:&quot;1300&quot;,&quot;blending_mode&quot;:&quot;organic&quot;}\"  class=\"wpb_row vc_row-fluid vc_row\"  style=\"padding-top: 0px; padding-bottom: 0px; \"><div class=\"row-bg-wrap has-animated-gradient\" data-bg-animation=\"none\" data-bg-animation-delay=\"\" data-bg-overlay=\"false\"><div class=\"inner-wrap row-bg-layer\" ><div class=\"row-bg viewport-desktop using-bg-color\"  style=\"background-color: rgba(234,239,242,0.01); \"><\/div><\/div><\/div><div class=\"row_col_wrap_12 col span_12 dark left\">\n\t<div style=\" color: #7f51ff;\" class=\"vc_col-sm-6 wpb_column column_container vc_column_container col padding-5-percent inherit_tablet inherit_phone\" data-cfc=\"true\"  data-padding-pos=\"all\" data-has-bg-color=\"false\" data-bg-color=\"\" data-bg-opacity=\"1\" data-animation=\"\" data-delay=\"0\" >\n\t\t<div class=\"vc_column-inner\" >\n\t\t\t<div class=\"wpb_wrapper\">\n\t\t\t\t<div class=\"nectar-fancy-box\" data-style=\"color_box_basic\" data-animation=\"\" data-hover-o=\"default\" data-border-radius=\"5px\" data-border=\"\" data-box-color-opacity=\"1\" data-delay=\"\" data-alignment=\"left\" data-color=\"#eaeff2\" style=\"color: #ffffff;\"><div class=\"box-bg\" style=\" background-color: #eaeff2;\"><\/div> <div class=\"inner\" style=\"min-height: 300px\"><span style=\"color: #7f51ff\"><span class=\"ui-provider ed bho bha bhp bhq bhr bhs bht bhu bhv bhw bhx bhy bhz bia bib bic bid bie bif big bih bii bij bik bil bim bin bio bip biq bir bis bit biu\" dir=\"ltr\">Convidamos um time de especialistas renomados de empresas l\u00edderes, incluindo Novo Nordisk, Petlove, Nutrien Solu\u00e7\u00f5es Agr\u00edcolas, The Kraft Heinz Company, entre outras, para uma discuss\u00e3o profunda sobre as oportunidades emergentes e os desafios atuais no setor de suprimentos em 2024. <\/span><\/p>\n<p>&nbsp;<\/p>\n<p><em><span class=\"ui-provider ed bho bha bhp bhq bhr bhs bht bhu bhv bhw bhx bhy bhz bia bib bic bid bie bif big bih bii bij bik bil bim bin bio bip biq bir bis bit biu\" dir=\"ltr\">N\u00e3o perca a chance de conferir essas valiosas perspectivas!<\/span><\/em><\/span><\/div>   <\/div>\n\t\t\t<\/div> \n\t\t<\/div>\n\t<\/div> \n\n\t<div style=\"margin-top: 4%; \" class=\"vc_col-sm-6 wpb_column column_container vc_column_container col padding-2-percent inherit_tablet inherit_phone\"  data-padding-pos=\"all\" data-has-bg-color=\"false\" data-bg-color=\"\" data-bg-opacity=\"1\" data-animation=\"\" data-delay=\"0\" >\n\t\t<div class=\"vc_column-inner\" >\n\t\t\t<div class=\"wpb_wrapper\">\n\t\t\t\t\n\t<div class=\"wpb_raw_code wpb_content_element wpb_raw_html\" >\n\t\t<div class=\"wpb_wrapper\">\n\t\t\t<div class=\"pipedriveWebForms\" data-pd-webforms=\"https:\/\/webforms.pipedrive.com\/f\/1AD4sRoaOuHktehAL2yn3n8SU74UuSL0Ktw8xoLdluNa899Q5b9WlkrBcFqWQGBKb\"><script src=\"https:\/\/webforms.pipedrive.com\/f\/loader\"><\/script><\/div>\n\t\t<\/div>\n\t<\/div>\n\n\t\t\t<\/div> \n\t\t<\/div>\n\t<\/div> \n<\/div><\/div>\n\t\t<div id=\"fws_69f5713fd7919\"  data-column-margin=\"default\" data-midnight=\"dark\" data-top-percent=\"3%\" data-bottom-percent=\"3%\"  class=\"wpb_row vc_row-fluid vc_row vc_row-o-equal-height vc_row-flex vc_row-o-content-middle\"  style=\"padding-top: calc(100vw * 0.03); padding-bottom: calc(100vw * 0.03); \"><div class=\"row-bg-wrap\" data-bg-animation=\"none\" data-bg-animation-delay=\"\" data-bg-overlay=\"false\"><div class=\"inner-wrap row-bg-layer\" ><div class=\"row-bg viewport-desktop\"  style=\"\"><\/div><\/div><\/div><div class=\"row_col_wrap_12 col span_12 dark left\">\n\t<div  class=\"vc_col-sm-8 wpb_column column_container vc_column_container col no-extra-padding inherit_tablet inherit_phone\"  data-padding-pos=\"all\" data-has-bg-color=\"false\" data-bg-color=\"\" data-bg-opacity=\"1\" data-animation=\"\" data-delay=\"0\" >\n\t\t<div class=\"vc_column-inner\" >\n\t\t\t<div class=\"wpb_wrapper\">\n\t\t\t\t<div class=\"nectar-highlighted-text\" data-style=\"full_text\" data-exp=\"default\" data-using-custom-color=\"false\" data-animation-delay=\"false\" data-color=\"\" data-color-gradient=\"\" style=\"\">\n<h2>Dar el siguiente paso<\/h2>\n<\/div>\n\t\t\t<\/div> \n\t\t<\/div>\n\t<\/div> \n\n\t<div  class=\"vc_col-sm-4 wpb_column column_container vc_column_container col no-extra-padding inherit_tablet inherit_phone\"  data-padding-pos=\"all\" data-has-bg-color=\"false\" data-bg-color=\"\" data-bg-opacity=\"1\" data-animation=\"\" data-delay=\"0\" >\n\t\t<div class=\"vc_column-inner\" >\n\t\t\t<div class=\"wpb_wrapper\">\n\t\t\t\t<a class=\"nectar-button large regular accent-color has-icon  regular-button\"  style=\"\"  href=\"https:\/\/supplybrain.ai\/es\/contact\/\" data-color-override=\"false\" data-hover-color-override=\"false\" data-hover-text-color-override=\"#fff\"><span>P\u00f3ngase en contacto<\/span><i  class=\"icon-button-arrow\"><\/i><\/a>\n\t\t\t<\/div> \n\t\t<\/div>\n\t<\/div> \n<\/div><\/div>","protected":false},"excerpt":{"rendered":"Aprendizados de 2023 e Perspectivas 2024 em Procurement Fique \u00e0 frente das tend\u00eancias em Compras...","protected":false},"author":1,"featured_media":0,"parent":0,"menu_order":0,"comment_status":"closed","ping_status":"closed","template":"","meta":{"content-type":"","om_disable_all_campaigns":false,"_monsterinsights_skip_tracking":false,"_monsterinsights_sitenote_active":false,"_monsterinsights_sitenote_note":"","_monsterinsights_sitenote_category":0,"footnotes":""},"class_list":["post-9908","page","type-page","status-publish"],"aioseo_notices":[],"_links":{"self":[{"href":"https:\/\/supplybrain.ai\/es\/wp-json\/wp\/v2\/pages\/9908","targetHints":{"allow":["GET"]}}],"collection":[{"href":"https:\/\/supplybrain.ai\/es\/wp-json\/wp\/v2\/pages"}],"about":[{"href":"https:\/\/supplybrain.ai\/es\/wp-json\/wp\/v2\/types\/page"}],"author":[{"embeddable":true,"href":"https:\/\/supplybrain.ai\/es\/wp-json\/wp\/v2\/users\/1"}],"replies":[{"embeddable":true,"href":"https:\/\/supplybrain.ai\/es\/wp-json\/wp\/v2\/comments?post=9908"}],"version-history":[{"count":17,"href":"https:\/\/supplybrain.ai\/es\/wp-json\/wp\/v2\/pages\/9908\/revisions"}],"predecessor-version":[{"id":9934,"href":"https:\/\/supplybrain.ai\/es\/wp-json\/wp\/v2\/pages\/9908\/revisions\/9934"}],"wp:attachment":[{"href":"https:\/\/supplybrain.ai\/es\/wp-json\/wp\/v2\/media?parent=9908"}],"curies":[{"name":"wp","href":"https:\/\/api.w.org\/{rel}","templated":true}]}}