{"id":9231,"date":"2023-08-23T18:59:59","date_gmt":"2023-08-23T18:59:59","guid":{"rendered":"https:\/\/supplybrain.ai\/?page_id=9231"},"modified":"2025-04-08T19:43:27","modified_gmt":"2025-04-08T19:43:27","slug":"spark","status":"publish","type":"page","link":"https:\/\/supplybrain.ai\/es\/spark\/","title":{"rendered":"Spark"},"content":{"rendered":"<div id=\"fws_69dcd5faae21f\"  data-column-margin=\"none\" data-midnight=\"light\" data-top-percent=\"3%\" data-bottom-percent=\"2%\"  class=\"wpb_row vc_row-fluid vc_row full-width-section\"  style=\"padding-top: calc(100vw * 0.03); padding-bottom: calc(100vw * 0.02);  z-index: 1;\"><div class=\"row-bg-wrap\" data-bg-animation=\"none\" data-bg-animation-delay=\"\" data-bg-overlay=\"false\"><div class=\"inner-wrap row-bg-layer\" ><div class=\"row-bg viewport-desktop using-bg-color\"  style=\"background-color: #151221; \"><\/div><\/div><\/div><ul class=\"nectar-parallax-scene row-bg-layer\" data-scene-position=\"center\" data-scene-strength=\"10\"><li class=\"layer\" data-depth=\"0.00\"><\/li><\/ul>\n\t\t\t<div class=\"video-color-overlay row-bg-layer\" data-color=\"\"><\/div>\n      \n\t\t\t<div class=\"nectar-video-wrap row-bg-layer\" data-bg-alignment=\"\">\n\t\t\t\t<div class=\"nectar-video-inner\">\n        <video class=\"nectar-video-bg\" width=\"1800\" height=\"700\" preload=\"auto\" loop autoplay muted playsinline><source src=\"http:\/\/supplybrain.ai\/wp-content\/uploads\/2023\/09\/bg-spark.mp4\"  type=\"video\/mp4\"><\/video>    \t\t<\/div>\n\t\t\t <\/div>\n\n\t\t\t<div class=\"row_col_wrap_12 col span_12 light left\">\n\t<div  class=\"vc_col-sm-6 wpb_column column_container vc_column_container col no-extra-padding inherit_tablet inherit_phone\"  data-padding-pos=\"all\" data-has-bg-color=\"false\" data-bg-color=\"\" data-bg-opacity=\"1\" data-animation=\"\" data-delay=\"0\" >\n\t\t<div class=\"vc_column-inner\" >\n\t\t\t<div class=\"wpb_wrapper\">\n\t\t\t\t<div class=\"nectar-highlighted-text\" data-style=\"full_text\" data-exp=\"default\" data-using-custom-color=\"false\" data-animation-delay=\"false\" data-color=\"\" data-color-gradient=\"\" style=\"\">\n<h1><\/h1>\n<h1>Explora el poder de la inteligencia artificial con Supply Brain Spark<\/h1>\n<\/div><a class=\"nectar-button large regular accent-color  regular-button\"  rel=\"nofollow noopener\" style=\"\"  href=\"#hubspot-spark-form\" data-color-override=\"false\" data-hover-color-override=\"false\" data-hover-text-color-override=\"#fff\"><span>Forme parte de la comunidad<\/span><\/a>\n\t\t\t<\/div> \n\t\t<\/div>\n\t<\/div> \n<\/div><\/div>\n\t\t<div id=\"fws_69dcd5faae715\"  data-column-margin=\"default\" data-midnight=\"dark\" data-top-percent=\"8%\"  class=\"wpb_row vc_row-fluid vc_row full-width-section\"  style=\"padding-top: calc(100vw * 0.08); padding-bottom: 0px; \"><div class=\"row-bg-wrap\" data-bg-animation=\"none\" data-bg-animation-delay=\"\" data-bg-overlay=\"false\"><div class=\"inner-wrap row-bg-layer\" ><div class=\"row-bg viewport-desktop\"  style=\"\"><\/div><\/div><\/div><div class=\"row_col_wrap_12 col span_12 dark left\">\n\t<div  class=\"vc_col-sm-4 wpb_column column_container vc_column_container col padding-2-percent inherit_tablet inherit_phone\"  data-padding-pos=\"right\" data-has-bg-color=\"false\" data-bg-color=\"\" data-bg-opacity=\"1\" data-animation=\"\" data-delay=\"0\" >\n\t\t<div class=\"vc_column-inner\" >\n\t\t\t<div class=\"wpb_wrapper\">\n\t\t\t\t\n<div class=\"wpb_text_column wpb_content_element  vc_custom_1701327680339\" >\n\t<div class=\"wpb_wrapper\">\n\t\t<h2><span class=\"ui-provider a b c d e f g h i j k l m n o p q r s t u v w x y z ab ac ae af ag ah ai aj ak\" dir=\"ltr\">Explora nuestro <strong>conocimientos:<\/strong><\/span><\/h2>\n\t<\/div>\n<\/div>\n\n\n\n\n\t\t\t<\/div> \n\t\t<\/div>\n\t<\/div> \n\n\t<div style=\"margin-top: -1%; \" class=\"vc_col-sm-8 wpb_column column_container vc_column_container col neg-marg no-extra-padding inherit_tablet inherit_phone\"  data-padding-pos=\"all\" data-has-bg-color=\"false\" data-bg-color=\"\" data-bg-opacity=\"1\" data-animation=\"\" data-delay=\"0\" >\n\t\t<div class=\"vc_column-inner\" >\n\t\t\t<div class=\"wpb_wrapper\">\n\t\t\t\t<div id=\"fws_69dcd5faaeb38\" data-midnight=\"\" data-column-margin=\"default\" class=\"wpb_row vc_row-fluid vc_row inner_row  vc_custom_1504187365562\"  style=\"\"><div class=\"row-bg-wrap\"> <div class=\"row-bg\" ><\/div> <\/div><div class=\"row_col_wrap_12_inner col span_12  left\">\n\t<div  class=\"vc_col-sm-6 wpb_column column_container vc_column_container col child_column padding-1-percent inherit_tablet inherit_phone\"   data-padding-pos=\"all\" data-has-bg-color=\"false\" data-bg-color=\"\" data-bg-opacity=\"1\" data-animation=\"\" data-delay=\"0\" >\n\t\t<div class=\"vc_column-inner\" >\n\t\t<div class=\"wpb_wrapper\">\n\t\t\t<div class=\"nectar-fancy-box\" data-style=\"color_box_hover\" data-animation=\"\" data-hover-o=\"default\" data-border-radius=\"default\" data-border=\"\" data-box-color-opacity=\"1\" data-delay=\"\" data-alignment=\"left\" data-color=\"accent-color\" ><div class=\"box-inner-wrap\"><div class=\"box-bg\" ><\/div> <div class=\"inner\" style=\"min-height: 200px\"><div class=\"inner-wrap\">\n<h3>Inteligencia artificial<\/h3>\n<h5><\/h5>\n<h5><span class=\"ui-provider a b c d e f g h i j k l m n o p q r s t u v w x y z ab ac ae af ag ah ai aj ak\" dir=\"ltr\">Dirigido a profesionales y aspirantes en los campos de la innovaci\u00f3n, la tecnolog\u00eda y todas las \u00e1reas que buscan algo m\u00e1s que teor\u00eda y quieren explorar la aplicaci\u00f3n pr\u00e1ctica de la Inteligencia Artificial.<\/span><\/h5>\n<h5><span class=\"ui-provider a b c d e f g h i j k l m n o p q r s t u v w x y z ab ac ae af ag ah ai aj ak\" dir=\"ltr\">Es para los que quieren ir m\u00e1s all\u00e1 de lo superficial y sumergirse de cabeza en este universo.<\/span><\/h5>\n<\/div><\/div>  <\/div> <\/div>\n\t\t<\/div> \n\t<\/div>\n\t<\/div> \n\n\t<div  class=\"vc_col-sm-6 wpb_column column_container vc_column_container col child_column padding-1-percent inherit_tablet inherit_phone\"   data-padding-pos=\"all\" data-has-bg-color=\"false\" data-bg-color=\"\" data-bg-opacity=\"1\" data-animation=\"\" data-delay=\"0\" >\n\t\t<div class=\"vc_column-inner\" >\n\t\t<div class=\"wpb_wrapper\">\n\t\t\t<div class=\"nectar-fancy-box\" data-style=\"color_box_hover\" data-animation=\"\" data-hover-o=\"default\" data-border-radius=\"default\" data-border=\"\" data-box-color-opacity=\"1\" data-delay=\"\" data-alignment=\"left\" data-color=\"accent-color\" ><div class=\"box-inner-wrap\"><div class=\"box-bg\" ><\/div> <div class=\"inner\" style=\"min-height: 200px\"><div class=\"inner-wrap\">\n<h3>Planificaci\u00f3n de la cadena de suministro<\/h3>\n<p>&nbsp;<\/p>\n<h5><span class=\"ui-provider a b c d e f g h i j k l m n o p q r s t u v w x y z ab ac ae af ag ah ai aj ak\" dir=\"ltr\">El viaje a la Cadena de Suministro est\u00e1 dirigido a profesionales y aspirantes en las \u00e1reas de planificaci\u00f3n de la demanda, S&amp;OP, gesti\u00f3n de inventarios, innovaci\u00f3n y tecnolog\u00eda que buscan algo m\u00e1s que teor\u00eda y quieren explorar la aplicaci\u00f3n pr\u00e1ctica de la Inteligencia Artificial en la Cadena de Suministro. <\/span><\/h5>\n<h5><span class=\"ui-provider a b c d e f g h i j k l m n o p q r s t u v w x y z ab ac ae af ag ah ai aj ak\" dir=\"ltr\">Es para los que quieren ir m\u00e1s all\u00e1 de lo superficial y sumergirse de cabeza en este universo.<\/span><\/h5>\n<\/div><\/div>  <\/div> <\/div>\n\t\t<\/div> \n\t<\/div>\n\t<\/div> \n<\/div><\/div><div id=\"fws_69dcd5faaf270\" data-midnight=\"\" data-column-margin=\"default\" class=\"wpb_row vc_row-fluid vc_row inner_row\"  style=\"\"><div class=\"row-bg-wrap\"> <div class=\"row-bg\" ><\/div> <\/div><div class=\"row_col_wrap_12_inner col span_12  left\">\n\t<div  class=\"vc_col-sm-6 wpb_column column_container vc_column_container col child_column padding-1-percent inherit_tablet inherit_phone\"   data-padding-pos=\"all\" data-has-bg-color=\"false\" data-bg-color=\"\" data-bg-opacity=\"1\" data-animation=\"\" data-delay=\"0\" >\n\t\t<div class=\"vc_column-inner\" >\n\t\t<div class=\"wpb_wrapper\">\n\t\t\t<div class=\"nectar-fancy-box\" data-style=\"color_box_hover\" data-animation=\"\" data-hover-o=\"default\" data-border-radius=\"default\" data-border=\"\" data-box-color-opacity=\"1\" data-delay=\"\" data-alignment=\"left\" data-color=\"accent-color\" ><div class=\"box-inner-wrap\"><div class=\"box-bg\" ><\/div> <div class=\"inner\" style=\"min-height: 200px\"><div class=\"inner-wrap\">\n<h3>Ventas<\/h3>\n<p>&nbsp;<\/p>\n<h5><span class=\"ui-provider a b c d e f g h i j k l m n o p q r s t u v w x y z ab ac ae af ag ah ai aj ak\" dir=\"ltr\">The Sales Journey est\u00e1 dirigido a profesionales y aspirantes de las \u00e1reas de ventas, innovaci\u00f3n y tecnolog\u00eda que buscan algo m\u00e1s que teor\u00eda y quieren explorar la aplicaci\u00f3n pr\u00e1ctica de la Inteligencia Artificial en la Cadena de Suministro.<\/span><\/h5>\n<h5><span class=\"ui-provider a b c d e f g h i j k l m n o p q r s t u v w x y z ab ac ae af ag ah ai aj ak\" dir=\"ltr\">Es para los que quieren ir m\u00e1s all\u00e1 de lo superficial y sumergirse de cabeza en este universo.<\/span><\/h5>\n<\/div><\/div>  <\/div> <\/div>\n\t\t<\/div> \n\t<\/div>\n\t<\/div> \n\n\t<div  class=\"vc_col-sm-6 wpb_column column_container vc_column_container col child_column padding-1-percent inherit_tablet inherit_phone\"   data-padding-pos=\"all\" data-has-bg-color=\"false\" data-bg-color=\"\" data-bg-opacity=\"1\" data-animation=\"\" data-delay=\"0\" >\n\t\t<div class=\"vc_column-inner\" >\n\t\t<div class=\"wpb_wrapper\">\n\t\t\t<div class=\"nectar-fancy-box\" data-style=\"color_box_hover\" data-animation=\"\" data-hover-o=\"default\" data-border-radius=\"default\" data-border=\"\" data-box-color-opacity=\"1\" data-delay=\"\" data-alignment=\"left\" data-color=\"accent-color\" ><div class=\"box-inner-wrap\"><div class=\"box-bg\" ><\/div> <div class=\"inner\" style=\"min-height: 200px\"><div class=\"inner-wrap\">\n<h3>Adquisiciones<\/h3>\n<p>&nbsp;<\/p>\n<h5><span class=\"ui-provider a b c d e f g h i j k l m n o p q r s t u v w x y z ab ac ae af ag ah ai aj ak\" dir=\"ltr\">Para profesionales y aspirantes en las \u00e1reas de suministro, compras, innovaci\u00f3n y tecnolog\u00eda que buscan algo m\u00e1s que teor\u00eda y quieren explorar la aplicaci\u00f3n pr\u00e1ctica de la Inteligencia Artificial en la Cadena de Suministro.<\/span><\/h5>\n<h5><span class=\"ui-provider a b c d e f g h i j k l m n o p q r s t u v w x y z ab ac ae af ag ah ai aj ak\" dir=\"ltr\">Es para los que quieren ir m\u00e1s all\u00e1 de lo superficial y sumergirse de cabeza en este universo.<\/span><\/h5>\n<\/div><\/div>  <\/div> <\/div>\n\t\t<\/div> \n\t<\/div>\n\t<\/div> \n<\/div><\/div>\n\t\t\t<\/div> \n\t\t<\/div>\n\t<\/div> \n<\/div><\/div>\n\t\t<div id=\"fws_69dcd5faaf9e0\"  data-column-margin=\"default\" data-midnight=\"dark\" data-top-percent=\"3%\" data-bottom-percent=\"3%\"  class=\"wpb_row vc_row-fluid vc_row\"  style=\"padding-top: calc(100vw * 0.03); padding-bottom: calc(100vw * 0.03); \"><div class=\"row-bg-wrap\" data-bg-animation=\"none\" data-bg-animation-delay=\"\" data-bg-overlay=\"false\"><div class=\"inner-wrap row-bg-layer\" ><div class=\"row-bg viewport-desktop\"  style=\"\"><\/div><\/div><\/div><div class=\"row_col_wrap_12 col span_12 dark left\">\n\t<div style=\"margin-top: 10%; \" class=\"vc_col-sm-12 wpb_column column_container vc_column_container col no-extra-padding inherit_tablet inherit_phone\"  data-padding-pos=\"left-right\" data-has-bg-color=\"false\" data-bg-color=\"\" data-bg-opacity=\"1\" data-animation=\"\" data-delay=\"0\" >\n\t\t<div class=\"vc_column-inner\" >\n\t\t\t<div class=\"wpb_wrapper\">\n\t\t\t\t<div class=\"divider-wrap height_tablet_-6pct height_phone_-6pct\" data-alignment=\"default\"><div style=\"margin-top: -2.5%; height: 1px; margin-bottom: -2.5%;\" data-width=\"100%\" data-animate=\"\" data-animation-delay=\"\" data-color=\"accent-color\" class=\"divider-border\"><\/div><\/div><div id=\"fws_69dcd5faafc18\" data-midnight=\"\" data-column-margin=\"default\" class=\"wpb_row vc_row-fluid vc_row inner_row\"  style=\"\"><div class=\"row-bg-wrap\"> <div class=\"row-bg\" ><\/div> <\/div><div class=\"row_col_wrap_12_inner col span_12  left\">\n\t<div  class=\"vc_col-sm-8 wpb_column column_container vc_column_container col child_column no-extra-padding inherit_tablet inherit_phone\"   data-padding-pos=\"all\" data-has-bg-color=\"false\" data-bg-color=\"\" data-bg-opacity=\"1\" data-animation=\"\" data-delay=\"0\" >\n\t\t<div class=\"vc_column-inner\" >\n\t\t<div class=\"wpb_wrapper\">\n\t\t\t<div class=\"nectar-highlighted-text font_size_5vw\" data-style=\"half_text\" data-exp=\"default\" data-using-custom-color=\"true\" data-animation-delay=\"false\" data-color=\"#7f51ff\" data-color-gradient=\"\" style=\"\">\n<p style=\"text-align: left;\">LAS CHISPAS<\/p>\n<\/div><div class=\"nectar-highlighted-text\" data-style=\"full_text\" data-exp=\"default\" data-using-custom-color=\"false\" data-animation-delay=\"false\" data-color=\"\" data-color-gradient=\"\" style=\"\">\n<h2>Conozca a las mentes que est\u00e1n detr\u00e1s de los itinerarios de aprendizaje.<\/h2>\n<p>&nbsp;<\/div>\n\t\t<\/div> \n\t<\/div>\n\t<\/div> \n\n\t<div  class=\"vc_col-sm-4 wpb_column column_container vc_column_container col child_column no-extra-padding inherit_tablet inherit_phone\"   data-padding-pos=\"all\" data-has-bg-color=\"false\" data-bg-color=\"\" data-bg-opacity=\"1\" data-animation=\"\" data-delay=\"0\" >\n\t\t<div class=\"vc_column-inner\" >\n\t\t<div class=\"wpb_wrapper\">\n\t\t\t\n\t\t<\/div> \n\t<\/div>\n\t<\/div> \n<\/div><\/div><div id=\"fws_69dcd5faafef0\" data-midnight=\"\" data-column-margin=\"default\" class=\"wpb_row vc_row-fluid vc_row inner_row\"  style=\"\"><div class=\"row-bg-wrap\"> <div class=\"row-bg\" ><\/div> <\/div><div class=\"row_col_wrap_12_inner col span_12  left\">\n\t<div  class=\"vc_col-sm-3 wpb_column column_container vc_column_container col child_column no-extra-padding inherit_tablet inherit_phone\"   data-padding-pos=\"all\" data-has-bg-color=\"false\" data-bg-color=\"\" data-bg-opacity=\"1\" data-animation=\"\" data-delay=\"0\" >\n\t\t<div class=\"vc_column-inner\" >\n\t\t<div class=\"wpb_wrapper\">\n\t\t\t<div class=\"team-member\" data-style=\"bio_fullscreen\"><div class=\"team-member-image\"><div class=\"team-member-image-inner\"><img loading=\"lazy\" decoding=\"async\" src=\"https:\/\/supplybrain.ai\/wp-content\/uploads\/2023\/11\/Glauber-500x500.png\" width=\"500\" height=\"500\" alt=\"\" \/><\/div><\/div><div class=\"team-member-overlay\"><\/div>\n    <div class=\"team-meta\"><h3>Glauber Almeida<\/h3><p>Cofundador y Director T\u00e9cnico de Supply Brain<\/p><div class=\"arrow-end fa fa-angle-right\"><\/div><div class=\"arrow-line\"><\/div><\/div>\n    <div class=\"nectar_team_bio_img\" data-img-src=\"https:\/\/supplybrain.ai\/wp-content\/uploads\/2023\/08\/slide-5.png\"><\/div>\n    <div class=\"nectar_team_bio\">Antiguo alumno asociado del MIT, MicroMaster en Supply Chain, MIT Sloan en pricing, Especialista en inteligencia artificial y Licenciado en Sistemas de Informaci\u00f3n, desde 2008 es un entusiasta en el campo de la inteligencia artificial, habiendo trabajado en varios proyectos relacionados con big data, cadena de suministro e IA. Actualmente es cofundador y director de tecnolog\u00eda de Supply Brain.<div class=\"bottom_meta\"><\/div><\/div>\n    <\/div>\n\t\t<\/div> \n\t<\/div>\n\t<\/div> \n\n\t<div  class=\"vc_col-sm-3 wpb_column column_container vc_column_container col child_column no-extra-padding inherit_tablet inherit_phone\"   data-padding-pos=\"all\" data-has-bg-color=\"false\" data-bg-color=\"\" data-bg-opacity=\"1\" data-animation=\"\" data-delay=\"0\" >\n\t\t<div class=\"vc_column-inner\" >\n\t\t<div class=\"wpb_wrapper\">\n\t\t\t<div class=\"team-member\" data-style=\"bio_fullscreen\"><div class=\"team-member-image\"><div class=\"team-member-image-inner\"><img loading=\"lazy\" decoding=\"async\" src=\"https:\/\/supplybrain.ai\/wp-content\/uploads\/2023\/11\/jerferson-500x500.png\" width=\"500\" height=\"500\" alt=\"\" \/><\/div><\/div><div class=\"team-member-overlay\"><\/div>\n    <div class=\"team-meta\"><h3>Jeferson Anjos<\/h3><p>Cofundador y Consejero Delegado de Supply Brain<\/p><div class=\"arrow-end fa fa-angle-right\"><\/div><div class=\"arrow-line\"><\/div><\/div>\n    <div class=\"nectar_team_bio_img\" data-img-src=\"https:\/\/supplybrain.ai\/wp-content\/uploads\/2023\/08\/slide-5.png\"><\/div>\n    <div class=\"nectar_team_bio\">Mi licenciatura en Sistemas de Informaci\u00f3n por la PUC Minas y mi maestr\u00eda en Ingenier\u00eda El\u00e9ctrica, con \u00e9nfasis en Inteligencia Artificial, por la UFMG, me dieron una base s\u00f3lida para llevar la innovaci\u00f3n al universo de la cadena de suministro. Desde 2002, vengo estudiando el desarrollo tecnol\u00f3gico y la innovaci\u00f3n en el \u00e1rea de las tecnolog\u00edas ubicuas y aut\u00f3nomas, as\u00ed como el estado del arte en tecnolog\u00eda de Redes Inal\u00e1mbricas de Sensores (WSN), hasta el punto de formar parte del grupo de investigaci\u00f3n MANNA.<\/p>\n<p>Adem\u00e1s, obtuve algunas certificaciones importantes en Dise\u00f1o de la Cadena de Suministro y Tecnolog\u00eda y Sistemas de la Cadena de Suministro en el MIT para aprender siempre m\u00e1s.<\/p>\n<p>A trav\u00e9s de Supply Brain, ofrecemos a las empresas beneficios como una mayor eficiencia, visi\u00f3n estrat\u00e9gica, automatizaci\u00f3n de las compras y optimizaci\u00f3n de las existencias. Me apasiona el mundo de la cadena de suministro y las compras, por eso me encanta debatir y escribir sobre tecnolog\u00eda, datos, transformaci\u00f3n digital, las tendencias y los retos del futuro.<div class=\"bottom_meta\"><\/div><\/div>\n    <\/div>\n\t\t<\/div> \n\t<\/div>\n\t<\/div> \n\n\t<div  class=\"vc_col-sm-3 wpb_column column_container vc_column_container col child_column no-extra-padding inherit_tablet inherit_phone\"   data-padding-pos=\"all\" data-has-bg-color=\"false\" data-bg-color=\"\" data-bg-opacity=\"1\" data-animation=\"\" data-delay=\"0\" >\n\t\t<div class=\"vc_column-inner\" >\n\t\t<div class=\"wpb_wrapper\">\n\t\t\t\n\t\t<\/div> \n\t<\/div>\n\t<\/div> \n\n\t<div  class=\"vc_col-sm-3 wpb_column column_container vc_column_container col child_column no-extra-padding inherit_tablet inherit_phone\"   data-padding-pos=\"all\" data-has-bg-color=\"false\" data-bg-color=\"\" data-bg-opacity=\"1\" data-animation=\"\" data-delay=\"0\" >\n\t\t<div class=\"vc_column-inner\" >\n\t\t<div class=\"wpb_wrapper\">\n\t\t\t\n\t\t<\/div> \n\t<\/div>\n\t<\/div> \n<\/div><\/div>\n\t\t\t<\/div> \n\t\t<\/div>\n\t<\/div> \n<\/div><\/div>\n\t\t<div id=\"home\"  data-column-margin=\"90px\" data-midnight=\"dark\" data-top-percent=\"3%\" data-bottom-percent=\"3%\"  class=\"wpb_row vc_row-fluid vc_row full-width-section vc_row-o-equal-height vc_row-flex vc_row-o-content-middle  top_padding_tablet_8pct bottom_padding_tablet_8pct\"  style=\"padding-top: calc(100vw * 0.03); padding-bottom: calc(100vw * 0.03); \"><div class=\"row-bg-wrap\" data-bg-animation=\"none\" data-bg-animation-delay=\"\" data-bg-overlay=\"false\"><div class=\"inner-wrap row-bg-layer\" ><div class=\"row-bg viewport-desktop using-bg-color\"  style=\"background-color: #ffffff; \"><\/div><\/div><\/div><div class=\"row_col_wrap_12 col span_12 dark left\">\n\t<div style=\"z-index: 100; \" class=\"vc_col-sm-3\/5 vc_col-xs-12 wpb_column column_container vc_column_container col padding-2-percent no-extra-padding_tablet no-extra-padding_phone\"  data-padding-pos=\"right\" data-has-bg-color=\"false\" data-bg-color=\"\" data-bg-opacity=\"1\" data-animation=\"\" data-delay=\"0\" >\n\t\t<div class=\"vc_column-inner\" >\n\t\t\t<div class=\"wpb_wrapper\">\n\t\t\t\t\n<div class=\"wpb_text_column wpb_content_element  vc_custom_1692830668447\" >\n\t<div class=\"wpb_wrapper\">\n\t\t<h3>M\u00e1s que contenido<\/h3>\n\t<\/div>\n<\/div>\n\n\n\n<p style=\"font-size: 17px;line-height: 2em;text-align: left\" class=\"vc_custom_heading\" >Sabemos que no busca teor\u00edas vac\u00edas. Quieres entender de verdad el potencial de la Inteligencia Artificial y c\u00f3mo puede aplicarse de forma tangible en tu d\u00eda a d\u00eda. Por eso hemos creado un espacio donde las \u00faltimas tendencias, conocimientos en profundidad y conexiones valiosas se unen para impulsar tanto tu carrera como el \u00e9xito de tu empresa.<\/p>\n\t\t\t<\/div> \n\t\t<\/div>\n\t<\/div> \n\n\t<div  class=\"vc_col-sm-2\/5 vc_col-xs-12 wpb_column column_container vc_column_container col no-extra-padding inherit_tablet inherit_phone\"  data-padding-pos=\"all\" data-has-bg-color=\"false\" data-bg-color=\"\" data-bg-opacity=\"1\" data-animation=\"\" data-delay=\"0\" >\n\t\t<div class=\"vc_column-inner\" >\n\t\t\t<div class=\"wpb_wrapper\">\n\t\t\t\t\n<div class=\"wpb_text_column wpb_content_element\" >\n\t<div class=\"wpb_wrapper\">\n\t\t<h3 style=\"text-align: center;\">\u201cYa no es necesario profundizar en contenidos repetitivos y superficiales sobre Inteligencia Artificial. Te traemos la profundidad que buscas\u201d<\/h3>\n\t<\/div>\n<\/div>\n\n\n\n\n\t\t\t<\/div> \n\t\t<\/div>\n\t<\/div> \n<\/div><\/div>\n\t\t<div id=\"fws_69dcd5fab1c89\"  data-column-margin=\"default\" data-midnight=\"dark\"  class=\"wpb_row vc_row-fluid vc_row\"  style=\"padding-top: 0px; padding-bottom: 0px; \"><div class=\"row-bg-wrap\" data-bg-animation=\"none\" data-bg-animation-delay=\"\" data-bg-overlay=\"false\"><div class=\"inner-wrap row-bg-layer\" ><div class=\"row-bg viewport-desktop\"  style=\"\"><\/div><\/div><\/div><div class=\"row_col_wrap_12 col span_12 dark left\">\n\t<div  class=\"vc_col-sm-3 wpb_column column_container vc_column_container col no-extra-padding inherit_tablet inherit_phone\"  data-padding-pos=\"all\" data-has-bg-color=\"false\" data-bg-color=\"\" data-bg-opacity=\"1\" data-animation=\"\" data-delay=\"0\" >\n\t\t<div class=\"vc_column-inner\" >\n\t\t\t<div class=\"wpb_wrapper\">\n\t\t\t\t\n\t\t\t<\/div> \n\t\t<\/div>\n\t<\/div> \n\n\t<div  class=\"vc_col-sm-6 wpb_column column_container vc_column_container col no-extra-padding inherit_tablet inherit_phone\"  data-padding-pos=\"all\" data-has-bg-color=\"false\" data-bg-color=\"\" data-bg-opacity=\"1\" data-animation=\"\" data-delay=\"0\" >\n\t\t<div class=\"vc_column-inner\" >\n\t\t\t<div class=\"wpb_wrapper\">\n\t\t\t\t\n\t<div class=\"wpb_raw_code wpb_content_element wpb_raw_html\" id=\"hubspot-spark-form\">\n\t\t<div class=\"wpb_wrapper\">\n\t\t\t<script src=\"https:\/\/js.hsforms.net\/forms\/embed\/48518209.js\" defer><\/script>\n<div class=\"hs-form-frame\" data-region=\"na1\" data-form-id=\"fba90d12-400c-4078-bb50-d8933019bde3\" data-portal-id=\"48518209\"><\/div>\n\t\t<\/div>\n\t<\/div>\n\n\t\t\t<\/div> \n\t\t<\/div>\n\t<\/div> \n\n\t<div  class=\"vc_col-sm-3 wpb_column column_container vc_column_container col no-extra-padding inherit_tablet inherit_phone\"  data-padding-pos=\"all\" data-has-bg-color=\"false\" data-bg-color=\"\" data-bg-opacity=\"1\" data-animation=\"\" data-delay=\"0\" >\n\t\t<div class=\"vc_column-inner\" >\n\t\t\t<div class=\"wpb_wrapper\">\n\t\t\t\t\n\t\t\t<\/div> \n\t\t<\/div>\n\t<\/div> \n<\/div><\/div>","protected":false},"excerpt":{"rendered":"Explora el poder de la inteligencia artificial con Supply Brain Spark \u00danete a la Comunidad Explora...","protected":false},"author":1,"featured_media":0,"parent":0,"menu_order":0,"comment_status":"closed","ping_status":"closed","template":"","meta":{"content-type":"","om_disable_all_campaigns":false,"_monsterinsights_skip_tracking":false,"_monsterinsights_sitenote_active":false,"_monsterinsights_sitenote_note":"","_monsterinsights_sitenote_category":0,"footnotes":""},"class_list":["post-9231","page","type-page","status-publish"],"aioseo_notices":[],"_links":{"self":[{"href":"https:\/\/supplybrain.ai\/es\/wp-json\/wp\/v2\/pages\/9231","targetHints":{"allow":["GET"]}}],"collection":[{"href":"https:\/\/supplybrain.ai\/es\/wp-json\/wp\/v2\/pages"}],"about":[{"href":"https:\/\/supplybrain.ai\/es\/wp-json\/wp\/v2\/types\/page"}],"author":[{"embeddable":true,"href":"https:\/\/supplybrain.ai\/es\/wp-json\/wp\/v2\/users\/1"}],"replies":[{"embeddable":true,"href":"https:\/\/supplybrain.ai\/es\/wp-json\/wp\/v2\/comments?post=9231"}],"version-history":[{"count":170,"href":"https:\/\/supplybrain.ai\/es\/wp-json\/wp\/v2\/pages\/9231\/revisions"}],"predecessor-version":[{"id":10622,"href":"https:\/\/supplybrain.ai\/es\/wp-json\/wp\/v2\/pages\/9231\/revisions\/10622"}],"wp:attachment":[{"href":"https:\/\/supplybrain.ai\/es\/wp-json\/wp\/v2\/media?parent=9231"}],"curies":[{"name":"wp","href":"https:\/\/api.w.org\/{rel}","templated":true}]}}