{"id":10882,"date":"2025-12-02T11:40:46","date_gmt":"2025-12-02T11:40:46","guid":{"rendered":"https:\/\/supplybrain.ai\/?page_id=10882"},"modified":"2025-12-04T15:18:04","modified_gmt":"2025-12-04T15:18:04","slug":"materiais-ricos","status":"publish","type":"page","link":"https:\/\/supplybrain.ai\/es\/materiais-ricos\/","title":{"rendered":"Materiales ricos"},"content":{"rendered":"<div id=\"fws_69dcdc9c63eca\"  data-column-margin=\"default\" data-midnight=\"light\" data-top-percent=\"6%\" data-bottom-percent=\"6%\"  class=\"wpb_row vc_row-fluid vc_row full-width-section vc_row-o-equal-height vc_row-flex parallax_section top_padding_tablet_20pct bottom_padding_tablet_25pct\"  style=\"padding-top: calc(100vw * 0.06); padding-bottom: calc(100vw * 0.06); \"><div class=\"row-bg-wrap\" data-bg-animation=\"none\" data-bg-animation-delay=\"\" data-bg-overlay=\"true\"><div class=\"inner-wrap row-bg-layer using-image\" ><div class=\"row-bg viewport-desktop using-image using-bg-color\" data-parallax-speed=\"fast\" style=\"background-image: url(https:\/\/supplybrain.ai\/wp-content\/uploads\/2021\/12\/sigmund-Fa9b57hffnM-unsplash-scaled.jpg); background-position: left top; background-repeat: no-repeat; background-color: #8224e3; \"><\/div><\/div><div class=\"row-bg-overlay row-bg-layer\" style=\"background-color:rgba(130,36,227,0.9);  opacity: 0.95; \"><\/div><\/div>\n\t\t\t<div class=\"video-color-overlay row-bg-layer\" data-color=\"\"><\/div>\n      \n\t\t\t<div class=\"nectar-video-wrap row-bg-layer\" data-bg-alignment=\"left top\">\n\t\t\t\t<div class=\"nectar-video-inner\">\n        <video class=\"nectar-video-bg\" width=\"1800\" height=\"700\" preload=\"auto\" loop autoplay muted playsinline><\/video>    \t\t<\/div>\n\t\t\t <\/div>\n\n\t\t\t<div class=\"row_col_wrap_12 col span_12 light left\">\n\t<div  class=\"vc_col-sm-12 wpb_column column_container vc_column_container col centered-text no-extra-padding inherit_tablet inherit_phone\"  data-padding-pos=\"all\" data-has-bg-color=\"false\" data-bg-color=\"\" data-bg-opacity=\"1\" data-animation=\"\" data-delay=\"0\" >\n\t\t<div class=\"vc_column-inner\" >\n\t\t\t<div class=\"wpb_wrapper\">\n\t\t\t\t<div id=\"fws_69dcdc9c6438a\" data-midnight=\"\" data-column-margin=\"none\" class=\"wpb_row vc_row-fluid vc_row inner_row  bottom_padding_tablet_20px\"  style=\"padding-bottom: 60px; \"><div class=\"row-bg-wrap\"> <div class=\"row-bg\" ><\/div> <\/div><div class=\"row_col_wrap_12_inner col span_12  left\">\n\t<div  class=\"vc_col-sm-2 wpb_column column_container vc_column_container col child_column has-animation no-extra-padding inherit_tablet inherit_phone\"   data-padding-pos=\"all\" data-has-bg-color=\"false\" data-bg-color=\"\" data-bg-opacity=\"1\" data-animation=\"fade-in-from-bottom\" data-delay=\"0\" >\n\t\t<div class=\"vc_column-inner\" >\n\t\t<div class=\"wpb_wrapper\">\n\t\t\t\n\t\t<\/div> \n\t<\/div>\n\t<\/div> \n\n\t<div  class=\"vc_col-sm-8 wpb_column column_container vc_column_container col child_column has-animation no-extra-padding inherit_tablet inherit_phone\"   data-padding-pos=\"all\" data-has-bg-color=\"false\" data-bg-color=\"\" data-bg-opacity=\"1\" data-animation=\"fade-in-from-bottom\" data-delay=\"0\" >\n\t\t<div class=\"vc_column-inner\" >\n\t\t<div class=\"wpb_wrapper\">\n\t\t\t<div class=\"nectar-highlighted-text font_size_10vh\" data-style=\"half_text\" data-exp=\"default\" data-user-color=\"true\" style=\"color: #f8eadc;\" data-using-custom-color=\"true\" data-animation-delay=\"200\" data-color=\"#ff6b30\" data-color-gradient=\"rgba(255,107,48,0.01)\">\n<h1>Colecci\u00f3n acad\u00e9mica Supply Brain<\/h1>\n<\/div><div class=\"nectar-responsive-text\"><p>Aqu\u00ed encontrar\u00e1 libros electr\u00f3nicos, gu\u00edas y materiales sobre Inteligencia Artificial aplicada a la contrataci\u00f3n y la cadena de suministro.<\/p>\n<\/div>\n\t\t<\/div> \n\t<\/div>\n\t<\/div> \n\n\t<div  class=\"vc_col-sm-2 wpb_column column_container vc_column_container col child_column no-extra-padding inherit_tablet inherit_phone\"   data-padding-pos=\"all\" data-has-bg-color=\"false\" data-bg-color=\"\" data-bg-opacity=\"1\" data-animation=\"\" data-delay=\"0\" >\n\t\t<div class=\"vc_column-inner\" >\n\t\t<div class=\"wpb_wrapper\">\n\t\t\t\n\t\t<\/div> \n\t<\/div>\n\t<\/div> \n<\/div><\/div><div id=\"fws_69dcdc9c649e4\" data-midnight=\"\" data-column-margin=\"default\" class=\"wpb_row vc_row-fluid vc_row inner_row\"  style=\"\"><div class=\"row-bg-wrap\"> <div class=\"row-bg\" ><\/div> <\/div><div class=\"row_col_wrap_12_inner col span_12  left\">\n\t<div  class=\"vc_col-sm-12 wpb_column column_container vc_column_container col child_column has-animation no-extra-padding inherit_tablet inherit_phone\"   data-padding-pos=\"all\" data-has-bg-color=\"false\" data-bg-color=\"\" data-bg-opacity=\"1\" data-animation=\"fade-in-from-bottom\" data-delay=\"600\" >\n\t\t<div class=\"vc_column-inner\" >\n\t\t<div class=\"wpb_wrapper\">\n\t\t\t<div class=\"nectar-next-section-wrap minimal-arrow\"  data-align=\"center\" data-custom-color=\"true\">\n    <a href=\"#\" class=\"nectar-next-section skip-hash\">\n      <svg class=\"next-arrow\" width=\"40px\" height=\"68px\" viewbox=\"0 0 40 50\" xml:space=\"preserve\">\n      <path stroke=\"#f8eadc\" stroke-width=\"2\" fill=\"none\" d=\"M 20 0 L 20 51\"><\/path>\n      <polyline stroke=\"#f8eadc\" stroke-width=\"2\" fill=\"none\" points=\"12, 44 20, 52 28, 44\"><\/polyline>\n      <\/svg>\n    <\/a>\n  <\/div>\n\t\t<\/div> \n\t<\/div>\n\t<\/div> \n<\/div><\/div>\n\t\t\t<\/div> \n\t\t<\/div>\n\t<\/div> \n<\/div><\/div>\n\t\t<div id=\"fws_69dcdc9c64d26\"  data-column-margin=\"default\" data-midnight=\"dark\" data-top-percent=\"0%\" data-bottom-percent=\"2%\"  class=\"wpb_row vc_row-fluid vc_row full-width-section  right_padding_8pct left_padding_8pct top_padding_tablet_8pct bottom_padding_tablet_8pct right_padding_phone_0px left_padding_phone_0px\"  style=\"padding-top: calc(100vw * 0.00); padding-bottom: calc(100vw * 0.02); \"><div class=\"row-bg-wrap\" data-bg-animation=\"none\" data-bg-animation-delay=\"\" data-bg-overlay=\"false\"><div class=\"inner-wrap row-bg-layer\" ><div class=\"row-bg viewport-desktop using-bg-color\"  style=\"background-color: #ffffff; \"><\/div><\/div><\/div><div class=\"row_col_wrap_12 col span_12 dark left\">\n\t<div  class=\"vc_col-sm-12 wpb_column column_container vc_column_container col no-extra-padding inherit_tablet inherit_phone\"  data-padding-pos=\"all\" data-has-bg-color=\"false\" data-bg-color=\"\" data-bg-opacity=\"1\" data-animation=\"\" data-delay=\"0\" >\n\t\t<div class=\"vc_column-inner\" >\n\t\t\t<div class=\"wpb_wrapper\">\n\t\t\t\t<div id=\"fws_69dcdc9c64e6f\" data-midnight=\"\" data-column-margin=\"90px\" class=\"wpb_row vc_row-fluid vc_row inner_row vc_row-o-equal-height vc_row-flex vc_row-o-content-middle reverse_columns_column_tablet reverse_columns_column_phone\"  style=\"\"><div class=\"row-bg-wrap\"> <div class=\"row-bg\" ><\/div> <\/div><div class=\"row_col_wrap_12_inner col span_12  left\">\n\t<div style=\"margin-top: 6%; \" class=\"vc_col-sm-6 wpb_column column_container vc_column_container col child_column padding-4-percent top_margin_tablet_0px top_margin_phone_4pct inherit_tablet no-extra-padding_phone\"   data-padding-pos=\"all\" data-has-bg-color=\"false\" data-bg-color=\"\" data-bg-opacity=\"1\" data-animation=\"\" data-delay=\"0\" >\n\t\t<div class=\"vc_column-inner\" >\n\t\t<div class=\"wpb_wrapper\">\n\t\t\t<div class=\"nectar-responsive-text\" style=\"color: #8224e3;\"><p>LIBRO ELECTR\u00d3NICO<\/p>\n<\/div><div class=\"nectar-split-heading\" data-align=\"default\" data-m-align=\"inherit\" data-text-effect=\"default\" data-animation-type=\"line-reveal-by-space\" data-animation-delay=\"0\" data-animation-offset=\"\" data-m-rm-animation=\"\" data-stagger=\"true\" data-custom-font-size=\"false\" ><h3 style=\"max-width: 550px;\">IA en la cadena de suministro: fundamentos para decidir mejor y m\u00e1s r\u00e1pido<\/h3><\/div>\n<div class=\"wpb_text_column wpb_content_element\" style=\" max-width: 550px; display: inline-block;\">\n\t<div class=\"wpb_wrapper\">\n\t\t<div class=\"ql-block\" data-block-id=\"block-75587665-965e-4bb9-88ad-e0a10756d193\">La Inteligencia Artificial ya forma parte de la Cadena de Suministro, pero su impacto va mucho m\u00e1s all\u00e1 de la automatizaci\u00f3n.<\/div>\n<div data-block-id=\"block-75587665-965e-4bb9-88ad-e0a10756d193\"><\/div>\n<div class=\"ql-block\" data-block-id=\"block-e1b85630-78cf-4a66-9808-1e01ffa753af\">Mejora las previsiones, identifica los riesgos y acelera las decisiones. Pero hay algo que no ha cambiado: el ojo humano sigue siendo esencial para interpretar los datos y dirigir las acciones.<\/div>\n\t<\/div>\n<\/div>\n\n\n\n<a class=\"nectar-button large regular accent-color  regular-button\"  style=\"\" target=\"_blank\" href=\"https:\/\/hub.supplybrain.ai\/intelig\u00eancia-artificial-no-supply-chain\" data-color-override=\"false\" data-hover-color-override=\"false\" data-hover-text-color-override=\"#fff\"><span>Descargar<\/span><\/a>\n\t\t<\/div> \n\t<\/div>\n\t<\/div> \n\n\t<div  class=\"vc_col-sm-6 wpb_column column_container vc_column_container col child_column padding-4-percent no-extra-padding_tablet no-extra-padding_phone\"   data-padding-pos=\"all\" data-has-bg-color=\"false\" data-bg-color=\"\" data-bg-opacity=\"1\" data-animation=\"\" data-delay=\"0\" >\n\t\t<div class=\"vc_column-inner\" >\n\t\t<div class=\"wpb_wrapper\">\n\t\t\t<div class=\"img-with-aniamtion-wrap\" data-max-width=\"100%\" data-max-width-mobile=\"default\" data-shadow=\"none\" data-animation=\"none\" >\n      <div class=\"inner\">\n        <div class=\"hover-wrap\"> \n          <div class=\"hover-wrap-inner\">\n            <img loading=\"lazy\" decoding=\"async\" class=\"img-with-animation skip-lazy\" data-delay=\"0\" height=\"1080\" width=\"1080\" data-animation=\"none\" src=\"https:\/\/supplybrain.ai\/wp-content\/uploads\/2025\/12\/presentes-ind-1.png\" alt=\"\" srcset=\"https:\/\/supplybrain.ai\/wp-content\/uploads\/2025\/12\/presentes-ind-1.png 1080w, https:\/\/supplybrain.ai\/wp-content\/uploads\/2025\/12\/presentes-ind-1-300x300.png 300w, https:\/\/supplybrain.ai\/wp-content\/uploads\/2025\/12\/presentes-ind-1-1024x1024.png 1024w, https:\/\/supplybrain.ai\/wp-content\/uploads\/2025\/12\/presentes-ind-1-150x150.png 150w, https:\/\/supplybrain.ai\/wp-content\/uploads\/2025\/12\/presentes-ind-1-768x768.png 768w, https:\/\/supplybrain.ai\/wp-content\/uploads\/2025\/12\/presentes-ind-1-100x100.png 100w, https:\/\/supplybrain.ai\/wp-content\/uploads\/2025\/12\/presentes-ind-1-140x140.png 140w, https:\/\/supplybrain.ai\/wp-content\/uploads\/2025\/12\/presentes-ind-1-500x500.png 500w, https:\/\/supplybrain.ai\/wp-content\/uploads\/2025\/12\/presentes-ind-1-350x350.png 350w, https:\/\/supplybrain.ai\/wp-content\/uploads\/2025\/12\/presentes-ind-1-1000x1000.png 1000w, https:\/\/supplybrain.ai\/wp-content\/uploads\/2025\/12\/presentes-ind-1-800x800.png 800w\" sizes=\"auto, (max-width: 1080px) 100vw, 1080px\" \/>\n          <\/div>\n        <\/div>\n      <\/div>\n    <\/div>\n\t\t<\/div> \n\t<\/div>\n\t<\/div> \n<\/div><\/div>\n\t\t\t<\/div> \n\t\t<\/div>\n\t<\/div> \n<\/div><\/div>\n\t\t<div id=\"fws_69dcdc9c65a72\"  data-column-margin=\"default\" data-midnight=\"dark\" data-top-percent=\"0%\" data-bottom-percent=\"2%\"  class=\"wpb_row vc_row-fluid vc_row full-width-section  right_padding_8pct left_padding_8pct top_padding_tablet_8pct bottom_padding_tablet_8pct right_padding_phone_0px left_padding_phone_0px\"  style=\"padding-top: calc(100vw * 0.00); padding-bottom: calc(100vw * 0.02); \"><div class=\"row-bg-wrap\" data-bg-animation=\"none\" data-bg-animation-delay=\"\" data-bg-overlay=\"true\"><div class=\"inner-wrap row-bg-layer\" ><div class=\"row-bg viewport-desktop using-bg-color\"  style=\"background-color: #190066; \"><\/div><\/div><div class=\"row-bg-overlay row-bg-layer\" style=\"background-color:#7f51ff;  opacity: 0.3; \"><\/div><\/div><div class=\"row_col_wrap_12 col span_12 dark left\">\n\t<div  class=\"vc_col-sm-12 wpb_column column_container vc_column_container col no-extra-padding inherit_tablet inherit_phone\"  data-padding-pos=\"all\" data-has-bg-color=\"false\" data-bg-color=\"\" data-bg-opacity=\"1\" data-animation=\"\" data-delay=\"0\" >\n\t\t<div class=\"vc_column-inner\" >\n\t\t\t<div class=\"wpb_wrapper\">\n\t\t\t\t<div id=\"fws_69dcdc9c65bc1\" data-midnight=\"\" data-column-margin=\"90px\" class=\"wpb_row vc_row-fluid vc_row inner_row vc_row-o-equal-height vc_row-flex vc_row-o-content-middle reverse_columns_column_tablet reverse_columns_column_phone\"  style=\"\"><div class=\"row-bg-wrap\"> <div class=\"row-bg\" ><\/div> <\/div><div class=\"row_col_wrap_12_inner col span_12  left\">\n\t<div  class=\"vc_col-sm-6 wpb_column column_container vc_column_container col child_column padding-4-percent no-extra-padding_tablet no-extra-padding_phone\"   data-padding-pos=\"all\" data-has-bg-color=\"false\" data-bg-color=\"\" data-bg-opacity=\"1\" data-animation=\"\" data-delay=\"0\" >\n\t\t<div class=\"vc_column-inner\" >\n\t\t<div class=\"wpb_wrapper\">\n\t\t\t<div class=\"img-with-aniamtion-wrap\" data-max-width=\"100%\" data-max-width-mobile=\"default\" data-shadow=\"none\" data-animation=\"none\" >\n      <div class=\"inner\">\n        <div class=\"hover-wrap\"> \n          <div class=\"hover-wrap-inner\">\n            <img loading=\"lazy\" decoding=\"async\" class=\"img-with-animation skip-lazy\" data-delay=\"0\" height=\"1080\" width=\"1080\" data-animation=\"none\" src=\"https:\/\/supplybrain.ai\/wp-content\/uploads\/2025\/12\/presentes-ind-2.png\" alt=\"\" srcset=\"https:\/\/supplybrain.ai\/wp-content\/uploads\/2025\/12\/presentes-ind-2.png 1080w, https:\/\/supplybrain.ai\/wp-content\/uploads\/2025\/12\/presentes-ind-2-300x300.png 300w, https:\/\/supplybrain.ai\/wp-content\/uploads\/2025\/12\/presentes-ind-2-1024x1024.png 1024w, https:\/\/supplybrain.ai\/wp-content\/uploads\/2025\/12\/presentes-ind-2-150x150.png 150w, https:\/\/supplybrain.ai\/wp-content\/uploads\/2025\/12\/presentes-ind-2-768x768.png 768w, https:\/\/supplybrain.ai\/wp-content\/uploads\/2025\/12\/presentes-ind-2-100x100.png 100w, https:\/\/supplybrain.ai\/wp-content\/uploads\/2025\/12\/presentes-ind-2-140x140.png 140w, https:\/\/supplybrain.ai\/wp-content\/uploads\/2025\/12\/presentes-ind-2-500x500.png 500w, https:\/\/supplybrain.ai\/wp-content\/uploads\/2025\/12\/presentes-ind-2-350x350.png 350w, https:\/\/supplybrain.ai\/wp-content\/uploads\/2025\/12\/presentes-ind-2-1000x1000.png 1000w, https:\/\/supplybrain.ai\/wp-content\/uploads\/2025\/12\/presentes-ind-2-800x800.png 800w\" sizes=\"auto, (max-width: 1080px) 100vw, 1080px\" \/>\n          <\/div>\n        <\/div>\n      <\/div>\n    <\/div>\n\t\t<\/div> \n\t<\/div>\n\t<\/div> \n\n\t<div style=\"margin-top: 6%; \" class=\"vc_col-sm-6 wpb_column column_container vc_column_container col child_column padding-4-percent top_margin_tablet_0px top_margin_phone_4pct inherit_tablet no-extra-padding_phone\"   data-padding-pos=\"all\" data-has-bg-color=\"false\" data-bg-color=\"\" data-bg-opacity=\"1\" data-animation=\"\" data-delay=\"0\" >\n\t\t<div class=\"vc_column-inner\" >\n\t\t<div class=\"wpb_wrapper\">\n\t\t\t<div class=\"nectar-responsive-text\" style=\"color: #f7c718;\"><p>LIBRO ELECTR\u00d3NICO<\/p>\n<\/div><div class=\"nectar-split-heading\" data-align=\"default\" data-m-align=\"inherit\" data-text-effect=\"default\" data-animation-type=\"line-reveal-by-space\" data-animation-delay=\"0\" data-animation-offset=\"\" data-m-rm-animation=\"\" data-stagger=\"true\" data-custom-font-size=\"false\" ><h3 style=\"max-width: 550px; color: #ffffff;\">El futuro de las compras: de la automatizaci\u00f3n a la autonom\u00eda con IA<\/h3><\/div><div class=\"nectar-split-heading\" data-align=\"default\" data-m-align=\"inherit\" data-text-effect=\"default\" data-animation-type=\"line-reveal-by-space\" data-animation-delay=\"0\" data-animation-offset=\"\" data-m-rm-animation=\"\" data-stagger=\"true\" data-custom-font-size=\"false\" ><p style=\"max-width: 550px; color: #ffffff;\">Con la aplicaci\u00f3n de la inteligencia artificial, el \u00e1rea de compras deja de ser s\u00f3lo operativa y pasa a actuar con m\u00e1s estrategia, previsibilidad y poder de decisi\u00f3n.<\/p><\/div><div class=\"nectar-split-heading\" data-align=\"default\" data-m-align=\"inherit\" data-text-effect=\"default\" data-animation-type=\"line-reveal-by-space\" data-animation-delay=\"0\" data-animation-offset=\"\" data-m-rm-animation=\"\" data-stagger=\"true\" data-custom-font-size=\"false\" ><p style=\"max-width: 550px; color: #ffffff;\">Este contenido se ha desarrollado a partir de conversaciones con l\u00edderes de la contrataci\u00f3n que est\u00e1n a la vanguardia de las transformaciones en el sector, profesionales que est\u00e1n desafiando el modelo tradicional y redise\u00f1ando el futuro de la contrataci\u00f3n.<\/p><\/div><a class=\"nectar-button large regular extra-color-1  regular-button\"  style=\"color: #7b2fed; \"  href=\"https:\/\/hub.supplybrain.ai\/e-book-futuro-de-compras\" data-color-override=\"false\" data-hover-color-override=\"false\" data-hover-text-color-override=\"#fff\"><span>Descargar<\/span><\/a>\n\t\t<\/div> \n\t<\/div>\n\t<\/div> \n<\/div><\/div>\n\t\t\t<\/div> \n\t\t<\/div>\n\t<\/div> \n<\/div><\/div>","protected":false},"excerpt":{"rendered":"Acervo acad\u00eamico Supply Brain Aqui voc\u00ea encontra E-books, Guias e Materiais sobre Intelig\u00eancia Artificial aplicada...","protected":false},"author":15,"featured_media":0,"parent":0,"menu_order":0,"comment_status":"closed","ping_status":"closed","template":"","meta":{"content-type":"","om_disable_all_campaigns":false,"_monsterinsights_skip_tracking":false,"_monsterinsights_sitenote_active":false,"_monsterinsights_sitenote_note":"","_monsterinsights_sitenote_category":0,"footnotes":""},"class_list":["post-10882","page","type-page","status-publish"],"aioseo_notices":[],"_links":{"self":[{"href":"https:\/\/supplybrain.ai\/es\/wp-json\/wp\/v2\/pages\/10882","targetHints":{"allow":["GET"]}}],"collection":[{"href":"https:\/\/supplybrain.ai\/es\/wp-json\/wp\/v2\/pages"}],"about":[{"href":"https:\/\/supplybrain.ai\/es\/wp-json\/wp\/v2\/types\/page"}],"author":[{"embeddable":true,"href":"https:\/\/supplybrain.ai\/es\/wp-json\/wp\/v2\/users\/15"}],"replies":[{"embeddable":true,"href":"https:\/\/supplybrain.ai\/es\/wp-json\/wp\/v2\/comments?post=10882"}],"version-history":[{"count":9,"href":"https:\/\/supplybrain.ai\/es\/wp-json\/wp\/v2\/pages\/10882\/revisions"}],"predecessor-version":[{"id":10917,"href":"https:\/\/supplybrain.ai\/es\/wp-json\/wp\/v2\/pages\/10882\/revisions\/10917"}],"wp:attachment":[{"href":"https:\/\/supplybrain.ai\/es\/wp-json\/wp\/v2\/media?parent=10882"}],"curies":[{"name":"wp","href":"https:\/\/api.w.org\/{rel}","templated":true}]}}