{"id":10818,"date":"2025-10-13T13:38:25","date_gmt":"2025-10-13T13:38:25","guid":{"rendered":"https:\/\/supplybrain.ai\/?page_id=10818"},"modified":"2025-10-14T10:13:07","modified_gmt":"2025-10-14T10:13:07","slug":"lista-de-espera-certificacao-boe","status":"publish","type":"page","link":"https:\/\/supplybrain.ai\/es\/lista-de-espera-certificacao-boe\/","title":{"rendered":"Lista de Espera Certifica\u00e7\u00e3o em Jan\/26"},"content":{"rendered":"<div id=\"fws_69f3c9c71baf3\"  data-column-margin=\"default\" data-midnight=\"dark\"  class=\"wpb_row vc_row-fluid vc_row full-width-content vc_row-o-full-height vc_row-o-columns-middle vc_row-o-equal-height vc_row-flex vc_row-o-content-top\"  style=\"padding-top: 0px; padding-bottom: 0px; \"><div class=\"row-bg-wrap\" data-bg-animation=\"none\" data-bg-animation-delay=\"\" data-bg-overlay=\"false\"><div class=\"inner-wrap row-bg-layer\" ><div class=\"row-bg viewport-desktop using-bg-color\"  style=\"background-color: #ffffff; \"><\/div><\/div><\/div><div class=\"row_col_wrap_12 col span_12 dark left\">\n\t<div  class=\"vc_col-sm-3 wpb_column column_container vc_column_container col padding-2-percent inherit_tablet inherit_phone\"  data-padding-pos=\"all\" data-has-bg-color=\"false\" data-bg-color=\"\" data-bg-opacity=\"1\" data-animation=\"\" data-delay=\"0\" >\n\t\t<div class=\"vc_column-inner\" >\n\t\t\t<div class=\"wpb_wrapper\">\n\t\t\t\t\n\t\t\t<\/div> \n\t\t<\/div>\n\t<\/div> \n\n\t<div  class=\"vc_col-sm-6 wpb_column column_container vc_column_container col no-extra-padding inherit_tablet inherit_phone\"  data-padding-pos=\"all\" data-has-bg-color=\"false\" data-bg-color=\"\" data-bg-opacity=\"1\" data-animation=\"\" data-delay=\"0\" >\n\t\t<div class=\"vc_column-inner\" >\n\t\t\t<div class=\"wpb_wrapper\">\n\t\t\t\t<div class=\"nectar-highlighted-text\" data-style=\"full_text\" data-exp=\"default\" data-using-custom-color=\"true\" data-animation-delay=\"false\" data-color=\"#8224e3\" data-color-gradient=\"\" style=\"\">\n<h3><\/h3>\n<h3><\/h3>\n<h3 style=\"text-align: center;\"><strong>1\u00aa Turma com in\u00edcio em Janeiro de 2026.<\/strong><\/h3>\n<h3 style=\"text-align: center;\"><strong><br \/>\n<\/strong>Com Certifica\u00e7\u00e3o Gratuita<\/h3>\n<\/div>\n\t<div class=\"wpb_raw_code wpb_content_element wpb_raw_html\" >\n\t\t<div class=\"wpb_wrapper\">\n\t\t\t<script src=\"https:\/\/js.hsforms.net\/forms\/embed\/48518209.js\" defer><\/script>\n<div class=\"hs-form-frame\" data-region=\"na1\" data-form-id=\"f1906bd8-8f89-406e-a696-f48031540e1b\" data-portal-id=\"48518209\"><\/div>\n\t\t<\/div>\n\t<\/div>\n\n\t\t\t<\/div> \n\t\t<\/div>\n\t<\/div> \n\n\t<div  class=\"vc_col-sm-3 wpb_column column_container vc_column_container col centered-text no-extra-padding inherit_tablet inherit_phone\"  data-padding-pos=\"all\" data-has-bg-color=\"false\" data-bg-color=\"\" data-bg-opacity=\"1\" data-animation=\"\" data-delay=\"0\" >\n\t\t<div class=\"vc_column-inner\" >\n\t\t\t<div class=\"wpb_wrapper\">\n\t\t\t\t\n\t\t\t<\/div> \n\t\t<\/div>\n\t<\/div> \n<\/div><\/div>\n\t\t<div id=\"fws_69f3c9c71c069\"  data-column-margin=\"default\" data-midnight=\"dark\"  class=\"wpb_row vc_row-fluid vc_row\"  style=\"padding-top: 0px; padding-bottom: 0px; \"><div class=\"row-bg-wrap\" data-bg-animation=\"none\" data-bg-animation-delay=\"\" data-bg-overlay=\"false\"><div class=\"inner-wrap row-bg-layer\" ><div class=\"row-bg viewport-desktop\"  style=\"\"><\/div><\/div><\/div><div class=\"row_col_wrap_12 col span_12 dark left\">\n\t<div  class=\"vc_col-sm-12 wpb_column column_container vc_column_container col no-extra-padding inherit_tablet inherit_phone\"  data-padding-pos=\"all\" data-has-bg-color=\"false\" data-bg-color=\"\" data-bg-opacity=\"1\" data-animation=\"\" data-delay=\"0\" >\n\t\t<div class=\"vc_column-inner\" >\n\t\t\t<div class=\"wpb_wrapper\">\n\t\t\t\t<div class=\"nectar-split-heading\" data-align=\"default\" data-m-align=\"inherit\" data-text-effect=\"default\" data-animation-type=\"line-reveal-by-space\" data-animation-delay=\"0\" data-animation-offset=\"\" data-m-rm-animation=\"\" data-stagger=\"\" data-custom-font-size=\"false\" ><h1 ><\/h1><\/div>\n\t\t\t<\/div> \n\t\t<\/div>\n\t<\/div> \n<\/div><\/div>","protected":false},"excerpt":{"rendered":"1\u00aa Turma com in\u00edcio em Janeiro de 2026. Com Certifica\u00e7\u00e3o Gratuita","protected":false},"author":19,"featured_media":0,"parent":0,"menu_order":0,"comment_status":"closed","ping_status":"closed","template":"","meta":{"content-type":"","om_disable_all_campaigns":false,"_monsterinsights_skip_tracking":false,"_monsterinsights_sitenote_active":false,"_monsterinsights_sitenote_note":"","_monsterinsights_sitenote_category":0,"footnotes":""},"class_list":["post-10818","page","type-page","status-publish"],"aioseo_notices":[],"_links":{"self":[{"href":"https:\/\/supplybrain.ai\/es\/wp-json\/wp\/v2\/pages\/10818","targetHints":{"allow":["GET"]}}],"collection":[{"href":"https:\/\/supplybrain.ai\/es\/wp-json\/wp\/v2\/pages"}],"about":[{"href":"https:\/\/supplybrain.ai\/es\/wp-json\/wp\/v2\/types\/page"}],"author":[{"embeddable":true,"href":"https:\/\/supplybrain.ai\/es\/wp-json\/wp\/v2\/users\/19"}],"replies":[{"embeddable":true,"href":"https:\/\/supplybrain.ai\/es\/wp-json\/wp\/v2\/comments?post=10818"}],"version-history":[{"count":3,"href":"https:\/\/supplybrain.ai\/es\/wp-json\/wp\/v2\/pages\/10818\/revisions"}],"predecessor-version":[{"id":10823,"href":"https:\/\/supplybrain.ai\/es\/wp-json\/wp\/v2\/pages\/10818\/revisions\/10823"}],"wp:attachment":[{"href":"https:\/\/supplybrain.ai\/es\/wp-json\/wp\/v2\/media?parent=10818"}],"curies":[{"name":"wp","href":"https:\/\/api.w.org\/{rel}","templated":true}]}}