{"id":9952,"date":"2024-04-03T12:30:21","date_gmt":"2024-04-03T12:30:21","guid":{"rendered":"https:\/\/supplybrain.ai\/?page_id=9952"},"modified":"2024-04-03T15:15:03","modified_gmt":"2024-04-03T15:15:03","slug":"rpa-x-ia-qual-e-a-melhor-opcao-para-compras","status":"publish","type":"page","link":"https:\/\/supplybrain.ai\/en\/rpa-x-ia-qual-e-a-melhor-opcao-para-compras\/","title":{"rendered":"RPA vs. AI: Which is better for shopping?"},"content":{"rendered":"<div id=\"fws_69f296b76bc35\"  data-column-margin=\"default\" data-midnight=\"dark\"  class=\"wpb_row vc_row-fluid vc_row\"  style=\"padding-top: 0px; padding-bottom: 0px; \"><div class=\"row-bg-wrap\" data-bg-animation=\"none\" data-bg-animation-delay=\"\" data-bg-overlay=\"false\"><div class=\"inner-wrap row-bg-layer\" ><div class=\"row-bg viewport-desktop\"  style=\"\"><\/div><\/div><\/div><div class=\"row_col_wrap_12 col span_12 dark left\">\n\t<div  class=\"vc_col-sm-6 wpb_column column_container vc_column_container col no-extra-padding inherit_tablet inherit_phone\"  data-padding-pos=\"all\" data-has-bg-color=\"false\" data-bg-color=\"\" data-bg-opacity=\"1\" data-animation=\"\" data-delay=\"0\" >\n\t\t<div class=\"vc_column-inner\" >\n\t\t\t<div class=\"wpb_wrapper\">\n\t\t\t\t<div class=\"nectar-highlighted-text\" data-style=\"full_text\" data-exp=\"default\" data-using-custom-color=\"false\" data-animation-delay=\"false\" data-color=\"\" data-color-gradient=\"\" style=\"\">\n<h2><strong>RPA vs. AI - Which is better for smart shopping?<\/strong><\/h2>\n<\/div>\n<div class=\"wpb_text_column wpb_content_element\" >\n\t<div class=\"wpb_wrapper\">\n\t\t<p>Check this out <strong>complete guide<\/strong> which addresses how each technology impacts<br \/>\na <strong>efficiency<\/strong> and <strong>process management<\/strong> in companies.<\/p>\n<p>If you are interested in better understanding the <strong>differences between AI and RPA<\/strong> and how they can be applied to improve business operations, this e-book is for you.<\/p>\n\t<\/div>\n<\/div>\n\n\n\n\n\t\t\t<\/div> \n\t\t<\/div>\n\t<\/div> \n\n\t<div  class=\"vc_col-sm-6 wpb_column column_container vc_column_container col no-extra-padding inherit_tablet inherit_phone\"  data-padding-pos=\"all\" data-has-bg-color=\"false\" data-bg-color=\"\" data-bg-opacity=\"1\" data-animation=\"\" data-delay=\"0\" >\n\t\t<div class=\"vc_column-inner\" >\n\t\t\t<div class=\"wpb_wrapper\">\n\t\t\t\t<div class=\"img-with-aniamtion-wrap center custom-size\" data-max-width=\"100%\" data-max-width-mobile=\"default\" data-border-radius=\"3px\" data-shadow=\"medium_depth\" data-animation=\"none\"  style=\"margin-left: 15%;\">\n      <div class=\"inner\">\n        <div class=\"hover-wrap\"> \n          <div class=\"hover-wrap-inner\">\n            <a href=\"https:\/\/webforms.pipedrive.com\/f\/2Vs7qyoUySwampYG5a1hUEJrhGtBsL4nHLD9Y43koYVy89c4oFP9dsCmvf09Mz5JN\" target=\"_self\" class=\"center\">\n              <img loading=\"lazy\" decoding=\"async\" class=\"img-with-animation skip-lazy\" data-delay=\"0\" height=\"800\" width=\"800\" data-animation=\"none\" src=\"https:\/\/supplybrain.ai\/wp-content\/uploads\/2024\/04\/mockup2-1-800x800.png\" alt=\"\" srcset=\"https:\/\/supplybrain.ai\/wp-content\/uploads\/2024\/04\/mockup2-1-800x800.png 800w, https:\/\/supplybrain.ai\/wp-content\/uploads\/2024\/04\/mockup2-1-150x150.png 150w, https:\/\/supplybrain.ai\/wp-content\/uploads\/2024\/04\/mockup2-1-100x100.png 100w, https:\/\/supplybrain.ai\/wp-content\/uploads\/2024\/04\/mockup2-1-140x140.png 140w, https:\/\/supplybrain.ai\/wp-content\/uploads\/2024\/04\/mockup2-1-500x500.png 500w, https:\/\/supplybrain.ai\/wp-content\/uploads\/2024\/04\/mockup2-1-350x350.png 350w, https:\/\/supplybrain.ai\/wp-content\/uploads\/2024\/04\/mockup2-1-1000x1000.png 1000w\" sizes=\"auto, (max-width: 800px) 100vw, 800px\" \/>\n            <\/a>\n          <\/div>\n        <\/div>\n      <\/div>\n      <\/div>\n\t\t\t<\/div> \n\t\t<\/div>\n\t<\/div> \n<\/div><\/div>\n\t\t<div id=\"fws_69f296b76c72a\"  data-column-margin=\"default\" data-midnight=\"dark\"  class=\"wpb_row vc_row-fluid vc_row\"  style=\"padding-top: 0px; padding-bottom: 0px; \"><div class=\"row-bg-wrap\" data-bg-animation=\"none\" data-bg-animation-delay=\"\" data-bg-overlay=\"false\"><div class=\"inner-wrap row-bg-layer\" ><div class=\"row-bg viewport-desktop\"  style=\"\"><\/div><\/div><\/div><div class=\"row_col_wrap_12 col span_12 dark left\">\n\t<div  class=\"vc_col-sm-6 wpb_column column_container vc_column_container col no-extra-padding inherit_tablet inherit_phone\"  data-padding-pos=\"all\" data-has-bg-color=\"false\" data-bg-color=\"\" data-bg-opacity=\"1\" data-animation=\"\" data-delay=\"0\" >\n\t\t<div class=\"vc_column-inner\" >\n\t\t\t<div class=\"wpb_wrapper\">\n\t\t\t\t<div class=\"img-with-aniamtion-wrap\" data-max-width=\"100%\" data-max-width-mobile=\"default\" data-shadow=\"none\" data-animation=\"none\" >\n      <div class=\"inner\">\n        <div class=\"hover-wrap\"> \n          <div class=\"hover-wrap-inner\">\n            <img loading=\"lazy\" decoding=\"async\" class=\"img-with-animation skip-lazy\" data-delay=\"0\" height=\"100\" width=\"100\" data-animation=\"none\" src=\"\" alt=\"\"  \/>\n          <\/div>\n        <\/div>\n      <\/div>\n    <\/div><div class=\"img-with-aniamtion-wrap\" data-max-width=\"100%\" data-max-width-mobile=\"default\" data-border-radius=\"3px\" data-shadow=\"medium_depth\" data-animation=\"none\" >\n      <div class=\"inner\">\n        <div class=\"hover-wrap\"> \n          <div class=\"hover-wrap-inner\">\n            <img loading=\"lazy\" decoding=\"async\" class=\"img-with-animation skip-lazy\" data-delay=\"0\" height=\"2818\" width=\"2947\" data-animation=\"none\" src=\"https:\/\/supplybrain.ai\/wp-content\/uploads\/2024\/04\/mockup1-1.png\" alt=\"\" srcset=\"https:\/\/supplybrain.ai\/wp-content\/uploads\/2024\/04\/mockup1-1.png 2947w, https:\/\/supplybrain.ai\/wp-content\/uploads\/2024\/04\/mockup1-1-300x287.png 300w, https:\/\/supplybrain.ai\/wp-content\/uploads\/2024\/04\/mockup1-1-1024x979.png 1024w, https:\/\/supplybrain.ai\/wp-content\/uploads\/2024\/04\/mockup1-1-768x734.png 768w, https:\/\/supplybrain.ai\/wp-content\/uploads\/2024\/04\/mockup1-1-1536x1469.png 1536w, https:\/\/supplybrain.ai\/wp-content\/uploads\/2024\/04\/mockup1-1-2048x1958.png 2048w, https:\/\/supplybrain.ai\/wp-content\/uploads\/2024\/04\/mockup1-1-13x12.png 13w\" sizes=\"auto, (max-width: 2947px) 100vw, 2947px\" \/>\n          <\/div>\n        <\/div>\n      <\/div>\n    <\/div>\n\t\t\t<\/div> \n\t\t<\/div>\n\t<\/div> \n\n\t<div style=\"margin-top: 40px; margin-bottom: 40px; \" class=\"vc_col-sm-6 wpb_column column_container vc_column_container col\"  data-padding-pos=\"all\" data-has-bg-color=\"false\" data-bg-color=\"\" data-bg-opacity=\"1\" data-animation=\"\" data-delay=\"0\" >\n\t\t<div class=\"vc_column-inner\" >\n\t\t\t<div class=\"wpb_wrapper\">\n\t\t\t\t\n\t<div class=\"wpb_raw_code wpb_content_element wpb_raw_html\" >\n\t\t<div class=\"wpb_wrapper\">\n\t\t\t<div class=\"pipedriveWebForms\" data-pd-webforms=\"https:\/\/webforms.pipedrive.com\/f\/2Vs7qyoUySwampYG5a1hUEJrhGtBsL4nHLD9Y43koYVy89c4oFP9dsCmvf09Mz5JN\"><script\nsrc=\"\nhttps:\/\/webforms.pipedrive.com\/f\/loader\"><\/script><\/div>\n\t\t<\/div>\n\t<\/div>\n\n\t\t\t<\/div> \n\t\t<\/div>\n\t<\/div> \n<\/div><\/div>\n\t\t<div id=\"fws_69f296b76cf2c\"  data-column-margin=\"default\" data-midnight=\"dark\"  class=\"wpb_row vc_row-fluid vc_row\"  style=\"padding-top: 0px; padding-bottom: 0px; \"><div class=\"row-bg-wrap\" data-bg-animation=\"none\" data-bg-animation-delay=\"\" data-bg-overlay=\"false\"><div class=\"inner-wrap row-bg-layer\" ><div class=\"row-bg viewport-desktop\"  style=\"\"><\/div><\/div><\/div><div class=\"row_col_wrap_12 col span_12 dark left\">\n\t<div  class=\"vc_col-sm-4 wpb_column column_container vc_column_container col\"  data-padding-pos=\"all\" data-has-bg-color=\"false\" data-bg-color=\"\" data-bg-opacity=\"1\" data-animation=\"\" data-delay=\"0\" >\n\t\t<div class=\"vc_column-inner\" >\n\t\t\t<div class=\"wpb_wrapper\">\n\t\t\t\t\n\t\t\t<\/div> \n\t\t<\/div>\n\t<\/div> \n\n\t<div  class=\"vc_col-sm-4 wpb_column column_container vc_column_container col no-extra-padding inherit_tablet inherit_phone\"  data-padding-pos=\"all\" data-has-bg-color=\"false\" data-bg-color=\"\" data-bg-opacity=\"1\" data-animation=\"\" data-delay=\"0\" >\n\t\t<div class=\"vc_column-inner\" >\n\t\t\t<div class=\"wpb_wrapper\">\n\t\t\t\t<a class=\"nectar-button large regular accent-color  regular-button\"  style=\"margin-top: 25px; margin-bottom: 25px; margin-left: 150px;\"  href=\"https:\/\/webforms.pipedrive.com\/f\/2Vs7qyoUySwampYG5a1hUEJrhGtBsL4nHLD9Y43koYVy89c4oFP9dsCmvf09Mz5JN\" data-color-override=\"false\" data-hover-color-override=\"false\" data-hover-text-color-override=\"#fff\"><span>Get in touch<\/span><\/a>\n\t\t\t<\/div> \n\t\t<\/div>\n\t<\/div> \n\n\t<div  class=\"vc_col-sm-4 wpb_column column_container vc_column_container col no-extra-padding inherit_tablet inherit_phone\"  data-padding-pos=\"all\" data-has-bg-color=\"false\" data-bg-color=\"\" data-bg-opacity=\"1\" data-animation=\"\" data-delay=\"0\" >\n\t\t<div class=\"vc_column-inner\" >\n\t\t\t<div class=\"wpb_wrapper\">\n\t\t\t\t\n\t\t\t<\/div> \n\t\t<\/div>\n\t<\/div> \n<\/div><\/div>","protected":false},"excerpt":{"rendered":"RPA x IA - Qual \u00e9 a melhor op\u00e7\u00e3o para compras inteligentes? Confira esse guia...","protected":false},"author":1,"featured_media":0,"parent":0,"menu_order":0,"comment_status":"closed","ping_status":"closed","template":"","meta":{"content-type":"","om_disable_all_campaigns":false,"_monsterinsights_skip_tracking":false,"_monsterinsights_sitenote_active":false,"_monsterinsights_sitenote_note":"","_monsterinsights_sitenote_category":0,"footnotes":""},"class_list":["post-9952","page","type-page","status-publish"],"aioseo_notices":[],"_links":{"self":[{"href":"https:\/\/supplybrain.ai\/en\/wp-json\/wp\/v2\/pages\/9952","targetHints":{"allow":["GET"]}}],"collection":[{"href":"https:\/\/supplybrain.ai\/en\/wp-json\/wp\/v2\/pages"}],"about":[{"href":"https:\/\/supplybrain.ai\/en\/wp-json\/wp\/v2\/types\/page"}],"author":[{"embeddable":true,"href":"https:\/\/supplybrain.ai\/en\/wp-json\/wp\/v2\/users\/1"}],"replies":[{"embeddable":true,"href":"https:\/\/supplybrain.ai\/en\/wp-json\/wp\/v2\/comments?post=9952"}],"version-history":[{"count":7,"href":"https:\/\/supplybrain.ai\/en\/wp-json\/wp\/v2\/pages\/9952\/revisions"}],"predecessor-version":[{"id":9971,"href":"https:\/\/supplybrain.ai\/en\/wp-json\/wp\/v2\/pages\/9952\/revisions\/9971"}],"wp:attachment":[{"href":"https:\/\/supplybrain.ai\/en\/wp-json\/wp\/v2\/media?parent=9952"}],"curies":[{"name":"wp","href":"https:\/\/api.w.org\/{rel}","templated":true}]}}