{"id":8184,"date":"2022-07-27T21:38:33","date_gmt":"2022-07-27T21:38:33","guid":{"rendered":"http:\/\/supplybrain.ai\/?page_id=8184"},"modified":"2023-01-26T15:30:48","modified_gmt":"2023-01-26T15:30:48","slug":"saiba-como-calcular-o-roi-em-projetos-de-rpa","status":"publish","type":"page","link":"https:\/\/supplybrain.ai\/en\/saiba-como-calcular-o-roi-em-projetos-de-rpa\/","title":{"rendered":"Saiba calcular o ROI de projetos de RPA"},"content":{"rendered":"<div id=\"fws_69d0f2a943489\"  data-column-margin=\"default\" data-midnight=\"dark\"  class=\"wpb_row vc_row-fluid vc_row\"  style=\"padding-top: 0px; padding-bottom: 0px; \"><div class=\"row-bg-wrap\" data-bg-animation=\"none\" data-bg-animation-delay=\"\" data-bg-overlay=\"false\"><div class=\"inner-wrap row-bg-layer\" ><div class=\"row-bg viewport-desktop\"  style=\"\"><\/div><\/div><\/div><div class=\"row_col_wrap_12 col span_12 dark left\">\n\t<div  class=\"vc_col-sm-12 wpb_column column_container vc_column_container col no-extra-padding inherit_tablet inherit_phone\"  data-padding-pos=\"all\" data-has-bg-color=\"false\" data-bg-color=\"\" data-bg-opacity=\"1\" data-animation=\"\" data-delay=\"0\" >\n\t\t<div class=\"vc_column-inner\" >\n\t\t\t<div class=\"wpb_wrapper\">\n\t\t\t\t<h1 style=\"font-size: 60px;text-align: center\" class=\"vc_custom_heading\" >Saiba calcular o ROI de projetos de RPA<\/h1>\n\t\t\t<\/div> \n\t\t<\/div>\n\t<\/div> \n<\/div><\/div>\n\t\t<div id=\"fws_69d0f2a9438e8\"  data-column-margin=\"default\" data-midnight=\"dark\"  class=\"wpb_row vc_row-fluid vc_row\"  style=\"padding-top: 0px; padding-bottom: 0px; \"><div class=\"row-bg-wrap\" data-bg-animation=\"none\" data-bg-animation-delay=\"\" data-bg-overlay=\"false\"><div class=\"inner-wrap row-bg-layer\" ><div class=\"row-bg viewport-desktop\"  style=\"\"><\/div><\/div><\/div><div class=\"row_col_wrap_12 col span_12 dark left\">\n\t<div  class=\"vc_col-sm-6 wpb_column column_container vc_column_container col no-extra-padding inherit_tablet inherit_phone\"  data-padding-pos=\"all\" data-has-bg-color=\"false\" data-bg-color=\"\" data-bg-opacity=\"1\" data-animation=\"\" data-delay=\"0\" >\n\t\t<div class=\"vc_column-inner\" >\n\t\t\t<div class=\"wpb_wrapper\">\n\t\t\t\t<div class=\"img-with-aniamtion-wrap\" data-max-width=\"100%\" data-max-width-mobile=\"default\" data-shadow=\"none\" data-animation=\"fade-in\" >\n      <div class=\"inner\">\n        <div class=\"hover-wrap\"> \n          <div class=\"hover-wrap-inner\">\n            <img loading=\"lazy\" decoding=\"async\" class=\"img-with-animation skip-lazy\" data-delay=\"0\" height=\"1707\" width=\"2560\" data-animation=\"fade-in\" src=\"https:\/\/supplybrain.ai\/wp-content\/uploads\/2022\/07\/campaign-creators-774sCXD0dDU-unsplash-scaled.jpg\" alt=\"\" srcset=\"https:\/\/supplybrain.ai\/wp-content\/uploads\/2022\/07\/campaign-creators-774sCXD0dDU-unsplash-scaled.jpg 2560w, https:\/\/supplybrain.ai\/wp-content\/uploads\/2022\/07\/campaign-creators-774sCXD0dDU-unsplash-300x200.jpg 300w, https:\/\/supplybrain.ai\/wp-content\/uploads\/2022\/07\/campaign-creators-774sCXD0dDU-unsplash-1024x683.jpg 1024w, https:\/\/supplybrain.ai\/wp-content\/uploads\/2022\/07\/campaign-creators-774sCXD0dDU-unsplash-768x512.jpg 768w, https:\/\/supplybrain.ai\/wp-content\/uploads\/2022\/07\/campaign-creators-774sCXD0dDU-unsplash-1536x1024.jpg 1536w, https:\/\/supplybrain.ai\/wp-content\/uploads\/2022\/07\/campaign-creators-774sCXD0dDU-unsplash-2048x1365.jpg 2048w, https:\/\/supplybrain.ai\/wp-content\/uploads\/2022\/07\/campaign-creators-774sCXD0dDU-unsplash-18x12.jpg 18w, https:\/\/supplybrain.ai\/wp-content\/uploads\/2022\/07\/campaign-creators-774sCXD0dDU-unsplash-900x600.jpg 900w\" sizes=\"auto, (max-width: 2560px) 100vw, 2560px\" \/>\n          <\/div>\n        <\/div>\n      <\/div>\n    <\/div>\n<div class=\"wpb_text_column wpb_content_element\" >\n\t<div class=\"wpb_wrapper\">\n\t\t<p><span style=\"vertical-align: inherit;\"><span style=\"vertical-align: inherit;\"><span style=\"vertical-align: inherit;\"><span style=\"vertical-align: inherit;\"><span style=\"vertical-align: inherit;\"><span style=\"vertical-align: inherit;\"><span style=\"vertical-align: inherit;\"><span style=\"vertical-align: inherit;\"><span style=\"vertical-align: inherit;\"><span style=\"vertical-align: inherit;\"><span style=\"vertical-align: inherit;\"><span style=\"vertical-align: inherit;\">Com foco em automatiza\u00e7\u00e3o, o RPA \u00e9 orientado a resultados de produtividade. <\/span><span style=\"vertical-align: inherit;\">Nesse sentido, existem diversos caminhos e plataformas dispon\u00edveis. <\/span><span style=\"vertical-align: inherit;\">Mas esses benef\u00edcios valem o seu investimento para alcan\u00e7ar-los? <\/span><\/span><\/span><\/span><\/span><\/span><\/span><\/span><\/span><\/span><\/span><\/span><span style=\"vertical-align: inherit;\"><span style=\"vertical-align: inherit;\"><span style=\"vertical-align: inherit;\"><span style=\"vertical-align: inherit;\"><span style=\"vertical-align: inherit;\"><span style=\"vertical-align: inherit;\"><span style=\"vertical-align: inherit;\"><span style=\"vertical-align: inherit;\"><span style=\"vertical-align: inherit;\"><span style=\"vertical-align: inherit;\"><span style=\"vertical-align: inherit;\"><span style=\"vertical-align: inherit;\">Preencha o formul\u00e1rio e receba o e-book e um modelo de planilha para calcular o seu ROI.<\/span><\/span><\/span><\/span><\/span><\/span><\/span><\/span><\/span><\/span><\/span><\/span><\/p>\n\t<\/div>\n<\/div>\n\n\n\n\n\t\t\t<\/div> \n\t\t<\/div>\n\t<\/div> \n\n\t<div  class=\"vc_col-sm-6 wpb_column column_container vc_column_container col no-extra-padding inherit_tablet inherit_phone\"  data-padding-pos=\"all\" data-has-bg-color=\"false\" data-bg-color=\"\" data-bg-opacity=\"1\" data-animation=\"\" data-delay=\"0\" >\n\t\t<div class=\"vc_column-inner\" >\n\t\t\t<div class=\"wpb_wrapper\">\n\t\t\t\t\n<div class=\"wpcf7 no-js\" id=\"wpcf7-f8186-o1\" lang=\"en-US\" dir=\"ltr\" data-wpcf7-id=\"8186\">\n<div class=\"screen-reader-response\"><p role=\"status\" aria-live=\"polite\" aria-atomic=\"true\"><\/p> <ul><\/ul><\/div>\n<form action=\"\/en\/wp-json\/wp\/v2\/pages\/8184#wpcf7-f8186-o1\" method=\"post\" class=\"wpcf7-form init\" aria-label=\"Contact form\" novalidate=\"novalidate\" data-status=\"init\" data-trp-original-action=\"\/en\/wp-json\/wp\/v2\/pages\/8184#wpcf7-f8186-o1\">\n<fieldset class=\"hidden-fields-container\"><input type=\"hidden\" name=\"_wpcf7\" value=\"8186\" \/><input type=\"hidden\" name=\"_wpcf7_version\" value=\"6.1.4\" \/><input type=\"hidden\" name=\"_wpcf7_locale\" value=\"en_US\" \/><input type=\"hidden\" name=\"_wpcf7_unit_tag\" value=\"wpcf7-f8186-o1\" \/><input type=\"hidden\" name=\"_wpcf7_container_post\" value=\"0\" \/><input type=\"hidden\" name=\"_wpcf7_posted_data_hash\" value=\"\" \/>\n<\/fieldset>\n<div class=\"pipedriveWebForms\" data-pd-webforms=\"https:\/\/webforms.pipedrive.com\/f\/33axlkNAh4LF7YlRhdRGxvtTrJFvhxPOMv9lk2fQhYfJVDB7PM6YIztWnB0qEnsJl\">\n\t<p><script src=\"https:\/\/webforms.pipedrive.com\/f\/loader\"><\/script>\n\t<\/p>\n<\/div><div class=\"wpcf7-response-output\" aria-hidden=\"true\"><\/div>\n<input type=\"hidden\" name=\"trp-form-language\" value=\"en\"\/><\/form>\n<\/div>\n\n\t\t\t<\/div> \n\t\t<\/div>\n\t<\/div> \n<\/div><\/div>","protected":false},"excerpt":{"rendered":"Saiba calcular o ROI de projetos de RPA Com foco em automatiza\u00e7\u00e3o, o RPA \u00e9...","protected":false},"author":1,"featured_media":8182,"parent":0,"menu_order":0,"comment_status":"closed","ping_status":"closed","template":"template-no-footer.php","meta":{"content-type":"","om_disable_all_campaigns":false,"_monsterinsights_skip_tracking":false,"_monsterinsights_sitenote_active":false,"_monsterinsights_sitenote_note":"","_monsterinsights_sitenote_category":0,"footnotes":""},"class_list":["post-8184","page","type-page","status-publish","has-post-thumbnail"],"aioseo_notices":[],"_links":{"self":[{"href":"https:\/\/supplybrain.ai\/en\/wp-json\/wp\/v2\/pages\/8184","targetHints":{"allow":["GET"]}}],"collection":[{"href":"https:\/\/supplybrain.ai\/en\/wp-json\/wp\/v2\/pages"}],"about":[{"href":"https:\/\/supplybrain.ai\/en\/wp-json\/wp\/v2\/types\/page"}],"author":[{"embeddable":true,"href":"https:\/\/supplybrain.ai\/en\/wp-json\/wp\/v2\/users\/1"}],"replies":[{"embeddable":true,"href":"https:\/\/supplybrain.ai\/en\/wp-json\/wp\/v2\/comments?post=8184"}],"version-history":[{"count":17,"href":"https:\/\/supplybrain.ai\/en\/wp-json\/wp\/v2\/pages\/8184\/revisions"}],"predecessor-version":[{"id":8188,"href":"https:\/\/supplybrain.ai\/en\/wp-json\/wp\/v2\/pages\/8184\/revisions\/8188"}],"wp:featuredmedia":[{"embeddable":true,"href":"https:\/\/supplybrain.ai\/en\/wp-json\/wp\/v2\/media\/8182"}],"wp:attachment":[{"href":"https:\/\/supplybrain.ai\/en\/wp-json\/wp\/v2\/media?parent=8184"}],"curies":[{"name":"wp","href":"https:\/\/api.w.org\/{rel}","templated":true}]}}