{"id":6539,"date":"2020-11-04T15:02:16","date_gmt":"2020-11-04T15:02:16","guid":{"rendered":"http:\/\/supplybrain.ai\/?page_id=6539"},"modified":"2025-04-29T15:23:24","modified_gmt":"2025-04-29T15:23:24","slug":"contact","status":"publish","type":"page","link":"https:\/\/supplybrain.ai\/en\/contact\/","title":{"rendered":"Contact"},"content":{"rendered":"<div id=\"fws_69d0b620827a0\"  data-column-margin=\"default\" data-midnight=\"dark\"  class=\"wpb_row vc_row-fluid vc_row full-width-content vc_row-o-full-height vc_row-o-columns-middle vc_row-o-equal-height vc_row-flex vc_row-o-content-top\"  style=\"padding-top: 0px; padding-bottom: 0px; \"><div class=\"row-bg-wrap\" data-bg-animation=\"none\" data-bg-animation-delay=\"\" data-bg-overlay=\"false\"><div class=\"inner-wrap row-bg-layer\" ><div class=\"row-bg viewport-desktop using-bg-color\"  style=\"background-color: #ffffff; \"><\/div><\/div><\/div><div class=\"row_col_wrap_12 col span_12 dark left\">\n\t<div  class=\"vc_col-sm-6 wpb_column column_container vc_column_container col padding-2-percent inherit_tablet inherit_phone\"  data-padding-pos=\"all\" data-has-bg-color=\"false\" data-bg-color=\"\" data-bg-opacity=\"1\" data-animation=\"\" data-delay=\"0\" >\n\t\t<div class=\"vc_column-inner\" >\n\t\t\t<div class=\"wpb_wrapper\">\n\t\t\t\t<div class=\"col span_12 section-title text-align-center extra-padding\"><h2>\n<h2 style=\"text-align: left\">\u00a0 \u00a0 Contact<\/h2>\n<\/h2><\/div><div class=\"clear\"><\/div>\n\t<div class=\"wpb_raw_code wpb_content_element wpb_raw_html\" >\n\t\t<div class=\"wpb_wrapper\">\n\t\t\t<script src=\"https:\/\/js.hsforms.net\/forms\/embed\/48518209.js\" defer><\/script>\n<div class=\"hs-form-frame\" data-region=\"na1\" data-form-id=\"34c92729-cd07-402c-a9d5-05d69f331986\" data-portal-id=\"48518209\"><\/div>\n \n\t\t<\/div>\n\t<\/div>\n\n\t\t\t<\/div> \n\t\t<\/div>\n\t<\/div> \n\n\t<div  class=\"vc_col-sm-6 wpb_column column_container vc_column_container col padding-7-percent inherit_tablet inherit_phone\"  data-padding-pos=\"all\" data-has-bg-color=\"false\" data-bg-color=\"\" data-bg-opacity=\"1\" data-animation=\"\" data-delay=\"0\" >\n\t\t<div class=\"vc_column-inner\" >\n\t\t\t<div class=\"wpb_wrapper\">\n\t\t\t\t<div class=\"nectar_icon_wrap\" data-style=\"default\" data-padding=\"5px\" data-color=\"accent-color\" style=\"margin-top: 21px; margin-bottom: 0px; \" >\n\t\t<div class=\"nectar_icon\" ><i style=\"font-size: 50px; line-height: 50px; height: 50px; width: 50px;\" class=\"steadysets-icon-atom\"><\/i><\/div>\n\t<\/div><div class=\"nectar-highlighted-text\" data-style=\"full_text\" data-exp=\"default\" data-user-color=\"true\" style=\"color: #000000;\" data-using-custom-color=\"false\" data-animation-delay=\"false\" data-color=\"\" data-color-gradient=\"\">\n<h3><span style=\"color: #7f51ff;\"><span class=\"notion-enable-hover\" data-token-index=\"0\">Transform your operations with artificial intelligence.<\/span><\/h3>\n<p>In <span class=\"notion-enable-hover\" data-token-index=\"2\">Supply Brain<\/span>, we automate repetitive processes, allowing your team to take <span class=\"notion-enable-hover\" data-token-index=\"4\">faster and more assertive decisions<\/span>. Our <span class=\"notion-enable-hover\" data-token-index=\"6\">Autonomous AI<\/span> generates reliable forecasts, adjusting operations to guarantee <span class=\"notion-enable-hover\" data-token-index=\"8\">efficiency<\/span> e <span class=\"notion-enable-hover\" data-token-index=\"10\">fewer mistakes<\/span>.<\/div><div class=\"nectar_icon_wrap\" data-style=\"default\" data-padding=\"5px\" data-color=\"accent-color\" style=\"margin-top: 21px; margin-bottom: 0px; \" >\n\t\t<div class=\"nectar_icon\" ><i style=\"font-size: 50px; line-height: 50px; height: 50px; width: 50px;\" class=\"vc_li vc_li-display\"><\/i><\/div>\n\t<\/div><div class=\"nectar-highlighted-text\" data-style=\"full_text\" data-exp=\"default\" data-using-custom-color=\"false\" data-animation-delay=\"false\" data-color=\"\" data-color-gradient=\"\" style=\"\">\n<h3><span style=\"color: #7f51ff;\"><span class=\"notion-enable-hover\" data-token-index=\"0\">Automate operations, expand strategy.<\/span><!-- notionvc: a39e4254-23b6-40be-9bca-3bee96998e38 --><\/h3>\n<p>With <span class=\"notion-enable-hover\" data-token-index=\"1\">artificial intelligence<\/span>, your company can <span class=\"notion-enable-hover\" data-token-index=\"3\">reduce time and costs<\/span> by automating operations. Our <span class=\"notion-enable-hover\" data-token-index=\"5\">autonomous AI agents<\/span> automatically adjust processes, allowing your team to focus on <span class=\"notion-enable-hover\" data-token-index=\"7\">areas of greatest strategic value<\/span>.<!-- notionvc: 116af862-ca3d-4dc8-bcec-f232b7be54f7 --><\/p>\n<p><!-- notionvc: f1928a83-43b7-428c-a826-d5bbfc5d76dc --><\/div>\n\t\t\t<\/div> \n\t\t<\/div>\n\t<\/div> \n<\/div><\/div>","protected":false},"excerpt":{"rendered":"\u00a0 \u00a0 Contato Transforme suas opera\u00e7\u00f5es com intelig\u00eancia artificial. Na Supply Brain, automatizamos processos repetitivos,...","protected":false},"author":1,"featured_media":0,"parent":0,"menu_order":0,"comment_status":"closed","ping_status":"closed","template":"","meta":{"content-type":"","om_disable_all_campaigns":false,"_monsterinsights_skip_tracking":false,"_monsterinsights_sitenote_active":false,"_monsterinsights_sitenote_note":"","_monsterinsights_sitenote_category":0,"footnotes":""},"class_list":["post-6539","page","type-page","status-publish"],"aioseo_notices":[],"_links":{"self":[{"href":"https:\/\/supplybrain.ai\/en\/wp-json\/wp\/v2\/pages\/6539","targetHints":{"allow":["GET"]}}],"collection":[{"href":"https:\/\/supplybrain.ai\/en\/wp-json\/wp\/v2\/pages"}],"about":[{"href":"https:\/\/supplybrain.ai\/en\/wp-json\/wp\/v2\/types\/page"}],"author":[{"embeddable":true,"href":"https:\/\/supplybrain.ai\/en\/wp-json\/wp\/v2\/users\/1"}],"replies":[{"embeddable":true,"href":"https:\/\/supplybrain.ai\/en\/wp-json\/wp\/v2\/comments?post=6539"}],"version-history":[{"count":34,"href":"https:\/\/supplybrain.ai\/en\/wp-json\/wp\/v2\/pages\/6539\/revisions"}],"predecessor-version":[{"id":10639,"href":"https:\/\/supplybrain.ai\/en\/wp-json\/wp\/v2\/pages\/6539\/revisions\/10639"}],"wp:attachment":[{"href":"https:\/\/supplybrain.ai\/en\/wp-json\/wp\/v2\/media?parent=6539"}],"curies":[{"name":"wp","href":"https:\/\/api.w.org\/{rel}","templated":true}]}}